{"id":1058,"date":"2018-02-15T12:24:39","date_gmt":"2018-02-15T12:24:39","guid":{"rendered":"https:\/\/mdclinica.com\/mdclinica\/?page_id=1058"},"modified":"2024-07-04T14:38:08","modified_gmt":"2024-07-04T13:38:08","slug":"implante-zigomatico","status":"publish","type":"page","link":"https:\/\/mdclinica.com\/mdclinica\/especialidades\/implantologia\/implante-zigomatico\/","title":{"rendered":"Implantes Zigom\u00e1ticos"},"content":{"rendered":"<p><span class=\"dgray-text\">Os Implantes Zigom\u00e1ticos t\u00eam como especial miss\u00e3o a devolu\u00e7\u00e3o da esperan\u00e7a a pacientes com quantidades de osso bastante reduzidas, ou que j\u00e1 foram reabilitados com implantes, mas sem sucesso.<span style=\"color: #ffffff;\">.<\/span><\/span><br \/>\u00a0<br \/>\u00a0<\/p>\n<p>Os Implantes Zigom\u00e1ticos s\u00e3o a resposta que faltava para os pacientes que, por n\u00e3o terem osso maxilar suficiente, n\u00e3o podiam reabilitar atrav\u00e9s de m\u00e9todos de implantologia tradicional \u2013 ou necessitavam de cirurgias para enxertos \u00f3sseos, de recupera\u00e7\u00e3o dolorosa.<\/p>\n<p>A cirurgia para coloca\u00e7\u00e3o do Implante Zigom\u00e1tico \u00e9, atualmente, a mais avan\u00e7ada t\u00e9cnica de reabilita\u00e7\u00e3o prot\u00e9tica do maxilar atr\u00f3fico: adaptada \u00e0 anatomia do paciente, \u00e9 minimamente invasiva e n\u00e3o exige a realiza\u00e7\u00e3o de osteotomias ou qualquer corte de osso do maxilar, distinguindo-se, tamb\u00e9m, pela preserva\u00e7\u00e3o dos tecidos moles.<br \/>\u00a0<br \/>\u00a0<\/p>\n<h2>Implantes Zigom\u00e1ticos: Dentes fixos num s\u00f3 dia e sem enxertos<\/h2>\n<p>Na MD Cl\u00ednica somos especialistas na reabilita\u00e7\u00e3o da atrofia severa da maxila usando pr\u00f3teses dent\u00e1rias fixas (Implantes Zigom\u00e1ticos), ancorados no osso malar. Assim, evitamos a necessidade de cirurgia para realizar enxertos \u00f3sseos.<br \/>\u00a0<br \/>\u00a0<\/p>\n<h3>Ap\u00f3s a extra\u00e7\u00e3o dent\u00e1ria<\/h3>\n<p>Geralmente, a perda de osso ap\u00f3s a extra\u00e7\u00e3o dent\u00e1ria e o uso de pr\u00f3teses dent\u00e1rias resultam em atrofia \u00f3ssea, conduzindo a uma redu\u00e7\u00e3o no volume de osso maxilar para a coloca\u00e7\u00e3o de implantes orais. Esta situa\u00e7\u00e3o \u00e9 um verdadeiro desafio.<br \/>\u00a0<br \/>\u00a0<\/p>\n<h3>Antecedentes terap\u00eauticos<\/h3>\n<p><strong>\u00a0<\/strong>Tradicionalmente, a op\u00e7\u00e3o terap\u00eautica para estes pacientes tem sido algum tipo de procedimento de aumento \u00f3sseo para aumentar o volume de osso capaz de suportar a carga mastigat\u00f3ria.<\/p>\n<p>Geralmente, a maxila atr\u00f3fica era tratada com grandes enxertos \u00f3sseos da perna ou do cr\u00e2nio. Este procedimento requeria anestesia geral e\/ou t\u00e9cnicas invasivas. Mais: ap\u00f3s o enxerto, deve ser respeitado um per\u00edodo de cicatriza\u00e7\u00e3o de v\u00e1rios meses antes de serem colocados os implantes. Al\u00e9m disso, o paciente n\u00e3o pode usar pr\u00f3tese dent\u00e1ria durante v\u00e1rias semanas ap\u00f3s a cirurgia.<\/p>\n<p>A decis\u00e3o cl\u00ednica depender\u00e1 das condi\u00e7\u00f5es locais e sist\u00e9micas do paciente, prefer\u00eancias pessoais e custo. Os indiv\u00edduos mais velhos ou clinicamente comprometidos podem n\u00e3o ser candidatos ao enxerto devido ao aumento do risco e morbilidade cir\u00fargica.<br \/>\u00a0<br \/>\u00a0<\/p>\n<h2>Uma nova era<\/h2>\n<p>As alternativas aos procedimentos de enxerto \u00f3sseo, como implantes angulados e implantes no arco zigom\u00e1tico ou malar (Implantes Zigom\u00e1ticos), est\u00e3o j\u00e1 amplamente documentadas e o seu sucesso est\u00e1 cientificamente provado.<\/p>\n<p>Implantes angulados foram propostos como uma alternativa aos enxertos \u00f3sseos e os resultados indicaram que estes implantes poderiam substituir quase todos os procedimentos de enxertos de osso. O arco zigom\u00e1tico malar n\u00e3o \u00e9 afetado pela atrofia derivada da perda de dentes.<\/p>\n<p>Neste procedimento alternativo, o Implante Zigom\u00e1tico possui a maior carga mastigat\u00f3ria e \u00e9 colocado no osso residual da boca. Atrav\u00e9s de uma via intra ou extra sinusal \u00e9 estabilizado no arco do zigoma. Outros implantes de tamanho padr\u00e3o ser\u00e3o anexados \u00e0 frente da boca para estabilizar a constru\u00e7\u00e3o.<\/p>\n<p>Foram descritas poucas complica\u00e7\u00f5es e, ao contr\u00e1rio da cirurgia de enxerto, \u00e9 necess\u00e1rio apenas um \u00fanico procedimento cir\u00fargico.<br \/>N\u00e3o \u00e9 necess\u00e1ria anestesia geral. Recomenda-se seda\u00e7\u00e3o intravenosa e anestesia local.<br \/>\u00a0<br \/>\u00a0<\/p>\n<h3>Tudo num s\u00f3 dia<\/h3>\n<p>O procedimento para coloca\u00e7\u00e3o do implante zigom\u00e1tico ser\u00e1 realizado num \u00fanico dia e inclui:<\/p>\n<ul>\n<li>Eventual extra\u00e7\u00e3o dos restantes dentes considerados in\u00fateis.<\/li>\n<li>Coloca\u00e7\u00e3o do implante zigom\u00e1tico e entrega em 24 horas de uma pr\u00f3tese dent\u00e1ria fixa tempor\u00e1ria que \u00e9 fixada por parafusos sem palato. Na verdade, a t\u00e9cnica permite o uso imediato de dentes fixos.<\/li>\n<\/ul>\n<p>Ap\u00f3s a interven\u00e7\u00e3o, ser\u00e3o prescritos antibi\u00f3ticos\u00a0 por uma semana e uma dieta suave durante os primeiros 3 meses. Eventualmente, a mudan\u00e7a da primeira pr\u00f3tese para uma de conce\u00e7\u00e3o mais elaborada e esteticamente projetada ser\u00e1 considerada ap\u00f3s os primeiros cinco meses.<br \/>\u00a0<br \/>\u00a0<\/p>\n<h3>Implantes Zigom\u00e1ticos: Um procedimento menos invasivo<\/h3>\n<p>Embora os Implantes Zigom\u00e1ticos permitam dar resposta a casos-limite, a verdade \u00e9 que este procedimento continua ainda a ser pouco disponibilizado no nosso pa\u00eds e \u00e9 desconhecido entre muitos pacientes.<\/p>\n<p>Na MD Cl\u00ednica, a nossa equipa de especialistas em Implantes Zigom\u00e1ticos, liderada pela Dra. Alexandra Marques, j\u00e1 tratou com sucesso milhares de pacientes. <a href=\"https:\/\/mdclinica.com\/mdclinica\/2018\/testemunho-implantes-zigomatico\/\">O testemunho da paciente Manuela <\/a>\u00e9 paradigm\u00e1tico da aplicabilidade deste tipo de implantes.<span style=\"color: #ffffff;\">\u00a0.<\/span><\/p>\n<p>\u00a0<\/p>\n\n\n<div class=\"wp-block-buttons\">\n<div class=\"wp-block-button\"><a class=\"wp-block-button__link has-background\" href=\"https:\/\/mdclinica.com\/mdclinica\/contactos\/\" style=\"background-color:#697696\">MARCAR CONSULTA<\/a><\/div>\n<\/div>\n","protected":false},"excerpt":{"rendered":"<p>Os Implantes Zigom\u00e1ticos t\u00eam como especial miss\u00e3o a devolu\u00e7\u00e3o da esperan\u00e7a a pacientes com quantidades de osso bastante reduzidas, ou que j\u00e1 foram reabilitados com implantes, mas sem sucesso..\u00a0\u00a0 Os Implantes Zigom\u00e1ticos s\u00e3o a resposta que faltava para os pacientes que, por n\u00e3o terem osso maxilar suficiente, n\u00e3o podiam reabilitar atrav\u00e9s de m\u00e9todos de implantologia [&hellip;]<\/p>\n","protected":false},"author":6,"featured_media":1439,"parent":4395,"menu_order":0,"comment_status":"closed","ping_status":"closed","template":"page-templates\/especialidades-subpagina.php","meta":[],"_links":{"self":[{"href":"https:\/\/mdclinica.com\/mdclinica\/wp-json\/wp\/v2\/pages\/1058"}],"collection":[{"href":"https:\/\/mdclinica.com\/mdclinica\/wp-json\/wp\/v2\/pages"}],"about":[{"href":"https:\/\/mdclinica.com\/mdclinica\/wp-json\/wp\/v2\/types\/page"}],"author":[{"embeddable":true,"href":"https:\/\/mdclinica.com\/mdclinica\/wp-json\/wp\/v2\/users\/6"}],"replies":[{"embeddable":true,"href":"https:\/\/mdclinica.com\/mdclinica\/wp-json\/wp\/v2\/comments?post=1058"}],"version-history":[{"count":38,"href":"https:\/\/mdclinica.com\/mdclinica\/wp-json\/wp\/v2\/pages\/1058\/revisions"}],"predecessor-version":[{"id":9573,"href":"https:\/\/mdclinica.com\/mdclinica\/wp-json\/wp\/v2\/pages\/1058\/revisions\/9573"}],"up":[{"embeddable":true,"href":"https:\/\/mdclinica.com\/mdclinica\/wp-json\/wp\/v2\/pages\/4395"}],"wp:featuredmedia":[{"embeddable":true,"href":"https:\/\/mdclinica.com\/mdclinica\/wp-json\/wp\/v2\/media\/1439"}],"wp:attachment":[{"href":"https:\/\/mdclinica.com\/mdclinica\/wp-json\/wp\/v2\/media?parent=1058"}],"curies":[{"name":"wp","href":"https:\/\/api.w.org\/{rel}","templated":true}]}}