{"id":1062,"date":"2018-02-15T12:31:10","date_gmt":"2018-02-15T12:31:10","guid":{"rendered":"https:\/\/mdclinica.com\/mdclinica\/?page_id=1062"},"modified":"2024-07-04T14:37:45","modified_gmt":"2024-07-04T13:37:45","slug":"implante-dentario","status":"publish","type":"page","link":"https:\/\/mdclinica.com\/mdclinica\/especialidades\/implantologia\/implante-dentario\/","title":{"rendered":"Implante Dent\u00e1rio Nobel Biocare"},"content":{"rendered":"<h4>Um implante dent\u00e1rio \u00e9 uma raiz artificial que permite substituir a raiz de um dente natural perdido.<\/h4>\n<p>\u00a0<\/p>\n<p>A este implante \u00e9 aparafusada uma coroa, que corresponde \u00e0 parte vis\u00edvel do dente. Atualmente, a forma que mais se aproxima da natureza para a substitui\u00e7\u00e3o dent\u00e1ria \u00e9 a coloca\u00e7\u00e3o de implantes.<\/p>\n<p>A coloca\u00e7\u00e3o de um implante dent\u00e1rio \u00e9, nos dias de hoje, um procedimento simples, com um p\u00f3s-operat\u00f3rio curto e n\u00e3o associado a dor e se forem vigiados regularmente e mantidos com os cuidados corretos de higiene oral, a longevidade dos implantes \u00e9 considerada longa.<\/p>\n<p>A maioria dos implantes \u00e9 feita de tit\u00e2nio, mas o grau de pureza \u00e9 vari\u00e1vel com as marcas. O grau de pureza est\u00e1 associado \u00e0 integra\u00e7\u00e3o do implante dent\u00e1rio no osso e \u00e0s \u201crejei\u00e7\u00f5es\u201d, pelo que \u00e9 t\u00e3o importante a qualidade do produto utilizado.<\/p>\n<p>Na MD Cl\u00ednica utilizamos sempre os melhores produtos e materiais dispon\u00edveis no mercado e, correspondendo a este crit\u00e9rio de excel\u00eancia, trabalhamos a implantologia com uma marca certificada: <strong>Implantes Nobel Biocare.<\/strong><span style=\"color: #ffffff;\">.<\/span><\/p>\n<p>\u00a0<\/p>\n\n\n<div class=\"wp-block-buttons\">\n<div class=\"wp-block-button\"><a class=\"wp-block-button__link has-background\" href=\"https:\/\/mdclinica.com\/mdclinica\/contactos\/\" style=\"background-color:#697696\">MARCAR CONSULTA<\/a><\/div>\n<\/div>\n","protected":false},"excerpt":{"rendered":"<p>Um implante dent\u00e1rio \u00e9 uma raiz artificial que permite substituir a raiz de um dente natural perdido. \u00a0 A este implante \u00e9 aparafusada uma coroa, que corresponde \u00e0 parte vis\u00edvel do dente. Atualmente, a forma que mais se aproxima da natureza para a substitui\u00e7\u00e3o dent\u00e1ria \u00e9 a coloca\u00e7\u00e3o de implantes. A coloca\u00e7\u00e3o de um implante [&hellip;]<\/p>\n","protected":false},"author":6,"featured_media":3772,"parent":4395,"menu_order":0,"comment_status":"closed","ping_status":"closed","template":"page-templates\/especialidades-subpagina.php","meta":[],"_links":{"self":[{"href":"https:\/\/mdclinica.com\/mdclinica\/wp-json\/wp\/v2\/pages\/1062"}],"collection":[{"href":"https:\/\/mdclinica.com\/mdclinica\/wp-json\/wp\/v2\/pages"}],"about":[{"href":"https:\/\/mdclinica.com\/mdclinica\/wp-json\/wp\/v2\/types\/page"}],"author":[{"embeddable":true,"href":"https:\/\/mdclinica.com\/mdclinica\/wp-json\/wp\/v2\/users\/6"}],"replies":[{"embeddable":true,"href":"https:\/\/mdclinica.com\/mdclinica\/wp-json\/wp\/v2\/comments?post=1062"}],"version-history":[{"count":27,"href":"https:\/\/mdclinica.com\/mdclinica\/wp-json\/wp\/v2\/pages\/1062\/revisions"}],"predecessor-version":[{"id":9572,"href":"https:\/\/mdclinica.com\/mdclinica\/wp-json\/wp\/v2\/pages\/1062\/revisions\/9572"}],"up":[{"embeddable":true,"href":"https:\/\/mdclinica.com\/mdclinica\/wp-json\/wp\/v2\/pages\/4395"}],"wp:featuredmedia":[{"embeddable":true,"href":"https:\/\/mdclinica.com\/mdclinica\/wp-json\/wp\/v2\/media\/3772"}],"wp:attachment":[{"href":"https:\/\/mdclinica.com\/mdclinica\/wp-json\/wp\/v2\/media?parent=1062"}],"curies":[{"name":"wp","href":"https:\/\/api.w.org\/{rel}","templated":true}]}}