{"id":1149,"date":"2018-02-27T22:52:41","date_gmt":"2018-02-27T22:52:41","guid":{"rendered":"https:\/\/mdclinica.com\/mdclinica\/?page_id=1149"},"modified":"2023-05-25T14:43:32","modified_gmt":"2023-05-25T13:43:32","slug":"desvitalizar-dente","status":"publish","type":"page","link":"https:\/\/mdclinica.com\/mdclinica\/especialidades\/medicina-dentaria\/desvitalizar-dente\/","title":{"rendered":"Endodontia com Microsc\u00f3pio"},"content":{"rendered":"<h3>A Endodontia \u00e9 informalmente conhecida como &#8220;desvitalizar um dente&#8221;.<\/h3>\n<h3><span style=\"color: #ffffff;\">.<\/span><\/h3>\n<p>Esta \u00e9 a \u00e1rea da Medicina Dent\u00e1ria que assegura a manuten\u00e7\u00e3o de dentes traumatizados, com c\u00e1ries profundas ou processos inflamat\u00f3rios irrevers\u00edveis e trata o al\u00edvio de sinais e sintomas caracter\u00edsticos destes processos.<\/p>\n<p>&nbsp;<\/p>\n<h6>O que \u00e9 a Endodontia?<\/h6>\n<p style=\"text-align: justify;\">Na presen\u00e7a de uma c\u00e1rie profunda, traumatismos, parafun\u00e7\u00e3o, os dentes podem desenvolver processos inflamat\u00f3rios irrevers\u00edveis e\/ou infeciosos.<\/p>\n<p style=\"text-align: justify;\">A Endodontia \u00e9 a \u00e1rea da Medicina Dent\u00e1ria que assegura a manuten\u00e7\u00e3o destes dentes na boca e o al\u00edvio de sinais e sintomas carater\u00edsticos destes processos.<\/p>\n<p>&nbsp;<\/p>\n<h6>Como \u00e9 o tratamento para desvitalizar um dente?<\/h6>\n<p style=\"text-align: justify;\">Este tratamento consiste primariamente na remo\u00e7\u00e3o do conte\u00fado e desinfe\u00e7\u00e3o do interior do dente, para posteriormente preenchimento e selagem dos canais radiculares com um material dent\u00e1rio biocompat\u00edvel.<\/p>\n<p>&nbsp;<\/p>\n<h6>Quantas consultas s\u00e3o necess\u00e1rias para desvitalizar um dente?<\/h6>\n<p style=\"text-align: justify;\">O procedimento para desvitalizar um dente pode ocorrer em v\u00e1rias sess\u00f5es ou em sess\u00e3o \u00fanica, dependendo de um diagn\u00f3stico pr\u00e9vio e da evolu\u00e7\u00e3o do tratamento.<\/p>\n<p>&nbsp;<\/p>\n<h6>Quais as vantagens de tratar um dente que n\u00e3o est\u00e1 vital?<\/h6>\n<p style=\"text-align: justify;\">O dente natural, mesmo sem vitalidade, permite a manuten\u00e7\u00e3o do n\u00edvel de osso, estabilidade da oclus\u00e3o, efici\u00eancia da mastiga\u00e7\u00e3o, fala e est\u00e9tica facial. O melhor implante \u00e9 o dente natural.<\/p>\n<p>&nbsp;<\/p>\n<h6>Ap\u00f3s desvitalizar um dente, o mesmo ficam com a estrutura mais fr\u00e1gil?<\/h6>\n<p style=\"text-align: justify;\">Sim. O dente perde a sua resist\u00eancia inicial, mas existem formas de o compensar atrav\u00e9s de restaura\u00e7\u00f5es indiretas (coroas, overlays) e restaura\u00e7\u00f5es diretas (comp\u00f3sito).<\/p>\n<p>&nbsp;<\/p>\n<h6 style=\"text-align: justify;\">Ap\u00f3s desvitalizar um dente, porque \u00e9 importante restaur\u00e1-lo?<\/h6>\n<p style=\"text-align: justify;\">Para fazer a desvitaliza\u00e7\u00e3o foi criado um acesso ao interior do dente, cuja selagem exige uma restaura\u00e7\u00e3o definitiva. A escolha do tipo de restaura\u00e7\u00e3o definitiva a realizar depende da estrutura do dente \u00edntegro remanescente.<\/p>\n<p>&nbsp;<\/p>\n<h6>Se a restaura\u00e7\u00e3o de um dente com tratamento endod\u00f4ntico fraturar, que devo fazer?<\/h6>\n<p style=\"text-align: justify;\">A restaura\u00e7\u00e3o dent\u00e1ria refor\u00e7a por um lado o dente e, por outro, permite uma selagem herm\u00e9tica do seu interior, prevenindo a re-infe\u00e7\u00e3o. Se a restaura\u00e7\u00e3o fraturar deve ser substitu\u00edda de imediato, evitando a contamina\u00e7\u00e3o dos canais dent\u00e1rios.<\/p>\n<p>&nbsp;<\/p>\n<h6>O que devo fazer se tiver um abcesso dent\u00e1rio?<\/h6>\n<p style=\"text-align: justify;\">Deve dirigir-se com a maior brevidade ao dentista. O abcesso dent\u00e1rio \u00e9 uma infe\u00e7\u00e3o com origem no dente que se propaga aos tecidos vizinhos, e que n\u00e3o se resolve com medica\u00e7\u00e3o (apenas melhora temporariamente).<\/p>\n<p>&nbsp;<\/p>\n<h6>O tratamento para desvitalizar um dente provoca dor?<\/h6>\n<p>N\u00e3o. Todo tratamento para desvitalizar um dente \u00e9 feito com anestesia e, portanto, sem dor.<\/p>\n<p>&nbsp;<\/p>\n<h6>Um dente desvitalizado pode mudar de cor?<\/h6>\n<p style=\"text-align: justify;\">Sim. Eventualmente, ao logo do tempo, pode haver altera\u00e7\u00e3o da cor do dente comprometendo a est\u00e9tica. Tal facto pode ser compensado atrav\u00e9s de solu\u00e7\u00f5es como o branqueamento interno ou as facetas est\u00e9ticas.<\/p>\n<p>&nbsp;<\/p>\n<h6>O que \u00e9 o branqueamento interno?<\/h6>\n<p style=\"text-align: justify;\">\u00c9 uma t\u00e9cnica de branqueamento de dentes com tratamento endod\u00f4ntico realizada apenas no consult\u00f3rio.<\/p>\n<p style=\"text-align: justify;\">O microsc\u00f3pio \u00e9 a melhor ferramenta para visualizar a anatomia dent\u00e1ria n\u00e3o vis\u00edvel a olho nu.<\/p>\n<p>Vantagens do uso de microsc\u00f3pio:<\/p>\n<ul>\n<li style=\"text-align: justify;\"><strong>Imagem Ampliada<\/strong>: o&nbsp;nosso microsc\u00f3pio Zeiss fornece uma amplia\u00e7\u00e3o de 2,5x a 31,25x, com uma vis\u00e3o mais profunda e ampla do que as lupas tradicionais.<\/li>\n<li style=\"text-align: justify;\"><strong>Precis\u00e3o aumentada<\/strong>: permite que o endodontista seja conservador no tratamento, executando uma cavidade de acesso \u00e0 raiz do dente sem remover desnecessariamente demasiada estrutura dent\u00e1ria.<\/li>\n<li style=\"text-align: justify;\"><strong>Ilumina\u00e7\u00e3o melhorada<\/strong>: uma luz LED est\u00e1 montada diretamente na cabe\u00e7a do microsc\u00f3pio e fornece uma luz branca e brilhante, que ilumina a interven\u00e7\u00e3o.<\/li>\n<li style=\"text-align: justify;\"><strong>Visualiza\u00e7\u00e3o melhorada<\/strong>: os m\u00e9dicos dentistas conseguem tratar somente o que podem ver. A lente do microsc\u00f3pio pode ser colocada diretamente sobre a boca do paciente sem qualquer desconforto adicional.<\/li>\n<\/ul>\n<p><span style=\"color: #ffffff;\">&nbsp;.<\/span><\/p>\n<p><span style=\"color: #ffffff;\">.<\/span><\/p>\n<p><a href=\"https:\/\/mdclinica.com\/mdclinica\/marcacao-de-consulta\/\">MARCAR CONSULTA<\/a><\/p>\n","protected":false},"excerpt":{"rendered":"<p>A Endodontia \u00e9 informalmente conhecida como &#8220;desvitalizar um dente&#8221;. . Esta \u00e9 a \u00e1rea da Medicina Dent\u00e1ria que assegura a manuten\u00e7\u00e3o de dentes traumatizados, com c\u00e1ries profundas ou processos inflamat\u00f3rios irrevers\u00edveis e trata o al\u00edvio de sinais e sintomas caracter\u00edsticos destes processos. &nbsp; O que \u00e9 a Endodontia? Na presen\u00e7a de uma c\u00e1rie profunda, traumatismos, [&hellip;]<\/p>\n","protected":false},"author":6,"featured_media":4971,"parent":4378,"menu_order":5,"comment_status":"closed","ping_status":"closed","template":"page-templates\/especialidades-subpagina.php","meta":[],"_links":{"self":[{"href":"https:\/\/mdclinica.com\/mdclinica\/wp-json\/wp\/v2\/pages\/1149"}],"collection":[{"href":"https:\/\/mdclinica.com\/mdclinica\/wp-json\/wp\/v2\/pages"}],"about":[{"href":"https:\/\/mdclinica.com\/mdclinica\/wp-json\/wp\/v2\/types\/page"}],"author":[{"embeddable":true,"href":"https:\/\/mdclinica.com\/mdclinica\/wp-json\/wp\/v2\/users\/6"}],"replies":[{"embeddable":true,"href":"https:\/\/mdclinica.com\/mdclinica\/wp-json\/wp\/v2\/comments?post=1149"}],"version-history":[{"count":19,"href":"https:\/\/mdclinica.com\/mdclinica\/wp-json\/wp\/v2\/pages\/1149\/revisions"}],"predecessor-version":[{"id":9372,"href":"https:\/\/mdclinica.com\/mdclinica\/wp-json\/wp\/v2\/pages\/1149\/revisions\/9372"}],"up":[{"embeddable":true,"href":"https:\/\/mdclinica.com\/mdclinica\/wp-json\/wp\/v2\/pages\/4378"}],"wp:featuredmedia":[{"embeddable":true,"href":"https:\/\/mdclinica.com\/mdclinica\/wp-json\/wp\/v2\/media\/4971"}],"wp:attachment":[{"href":"https:\/\/mdclinica.com\/mdclinica\/wp-json\/wp\/v2\/media?parent=1149"}],"curies":[{"name":"wp","href":"https:\/\/api.w.org\/{rel}","templated":true}]}}