{"id":1153,"date":"2018-02-27T22:55:03","date_gmt":"2018-02-27T22:55:03","guid":{"rendered":"https:\/\/mdclinica.com\/mdclinica\/?page_id=1153"},"modified":"2023-02-17T11:14:03","modified_gmt":"2023-02-17T11:14:03","slug":"higiene-oral","status":"publish","type":"page","link":"https:\/\/mdclinica.com\/mdclinica\/especialidades\/medicina-dentaria\/higiene-oral\/","title":{"rendered":"Higiene Oral"},"content":{"rendered":"<h4>A Higiene Oral \u00e9 uma \u00e1rea da Medicina Dent\u00e1ria direcionada para a preven\u00e7\u00e3o das doen\u00e7as orais mais comuns (c\u00e1ries, gengivites e periodontites), tendo como principal objetivo a manuten\u00e7\u00e3o de uma boa <strong>sa\u00fade oral.<\/strong><\/h4>\n<h6 style=\"text-align: justify;\">Em que consistem as consultas de Higiene Oral?<\/h6>\n<p style=\"text-align: justify;\">As consultas de Higiene Oral consistem na:<\/p>\n<ul style=\"text-align: justify;\">\n<li>Remo\u00e7\u00e3o do t\u00e1rtaro (respons\u00e1vel pelas doen\u00e7as orais)<\/li>\n<li>Motiva\u00e7\u00e3o para uma <strong>Higiene Oral<\/strong> mais eficaz, com aconselhamento para uma escovagem adequada<\/li>\n<li>Remo\u00e7\u00e3o de manchas extr\u00ednsecas (manchas causadas pelo tabaco, caf\u00e9, ch\u00e1, entre outras)<\/li>\n<li>Aplica\u00e7\u00e3o de fl\u00faor<\/li>\n<\/ul>\n<h6 style=\"text-align: justify;\">Com que frequ\u00eancia devem ser realizadas as consultas de Higiene Oral?<\/h6>\n<p style=\"text-align: justify;\">Para a <strong>Higiene Oral<\/strong> ser mantida de uma forma eficaz, as consultas devem ser realizadas duas vezes por ano (6 em 6 meses). Caso o paciente tenha uma patologia (Gengivite ou Periodontite) dever\u00e1 realizar consultas de 3 em 3 meses, mediante a opini\u00e3o do seu M\u00e9dico Dentista.<\/p>\n<h6 style=\"text-align: justify;\">Qual \u00e9 a import\u00e2ncia de uma consulta de Higiene Oral?<\/h6>\n<p style=\"text-align: justify;\">\u00c9 fundamental para garantir a devida preven\u00e7\u00e3o e a dete\u00e7\u00e3o de doen\u00e7as mais graves, permitindo o despiste de doen\u00e7as orais, bem como o encaminhamento para cada especialidade, respetivo diagn\u00f3stico e tratamento.<\/p>\n<h6 style=\"text-align: justify;\">Qual a rela\u00e7\u00e3o da Higiene Oral com os implantes dent\u00e1rios?<\/h6>\n<p style=\"text-align: justify;\">O sucesso do tratamento com implantes dent\u00e1rios est\u00e1 diretamente relacionado com um eficaz e rigoroso controlo da higiene oral do paciente.<\/p>\n<h6 style=\"text-align: justify;\">Qual a rela\u00e7\u00e3o da Higiene Oral com a Ortodontia?<\/h6>\n<p style=\"text-align: justify;\">No apoio \u00e0 Ortodontia, a <strong>Higiene Oral<\/strong> incide na educa\u00e7\u00e3o, instru\u00e7\u00e3o e motiva\u00e7\u00e3o do paciente, de modo a despistar c\u00e1ries e gengivites, que durante o tratamento ortod\u00f4ntico se revelam mais frequentes.<\/p>\n<h6 style=\"text-align: justify;\">De que forma pode a Higiene Oral contribuir para o controlo da Periodontal?<\/h6>\n<p style=\"text-align: justify;\">Aqui a <strong>Higiene Oral<\/strong> ir\u00e1 incidir sobre t\u00e9cnicas n\u00e3o cir\u00fargicas como a destartariza\u00e7\u00e3o e alisamentos radiculares.<\/p>\n<h6 style=\"text-align: justify;\">O que \u00e9 o alisamento radicular?<\/h6>\n<p style=\"text-align: justify;\">\u00c9 uma t\u00e9cnica n\u00e3o cir\u00fargica que consiste na remo\u00e7\u00e3o do t\u00e1rtaro que se localiza a n\u00edvel intragengival.<\/p>\n<h6 style=\"text-align: justify;\">O que \u00e9 a Halitose?<\/h6>\n<p style=\"text-align: justify;\">A Halitose \u00e9 um problema de <strong>sa\u00fade oral<\/strong> vulgarmente conhecido como \u201cmau h\u00e1lito\u201d.<\/p>\n<p style=\"text-align: justify;\">As causas da Halitose est\u00e3o relacionadas com gengivites, doen\u00e7a periodontal, c\u00e1ries, xerostomia (redu\u00e7\u00e3o de saliva) e patologias g\u00e1stricas. O uso de produtos dispon\u00edveis no mercado ajudam, mas n\u00e3o resolvem o problema, sendo fundamental o acompanhamento e orienta\u00e7\u00e3o do m\u00e9dico dentista e\/ou higienista.<\/p>\n<p><span style=\"color: #ffffff;\">&nbsp;.<\/span><\/p>\n<p><span style=\"color: #ffffff;\">.<\/span><\/p>\n<p><a href=\"https:\/\/mdclinica.com\/mdclinica\/marcacao-de-consulta\/\">MARCAR CONSULTA<\/a><\/p>\n","protected":false},"excerpt":{"rendered":"<p>A Higiene Oral \u00e9 uma \u00e1rea da Medicina Dent\u00e1ria direcionada para a preven\u00e7\u00e3o das doen\u00e7as orais mais comuns (c\u00e1ries, gengivites e periodontites), tendo como principal objetivo a manuten\u00e7\u00e3o de uma boa sa\u00fade oral. Em que consistem as consultas de Higiene Oral? As consultas de Higiene Oral consistem na: Remo\u00e7\u00e3o do t\u00e1rtaro (respons\u00e1vel pelas doen\u00e7as orais) [&hellip;]<\/p>\n","protected":false},"author":6,"featured_media":4974,"parent":4378,"menu_order":6,"comment_status":"closed","ping_status":"closed","template":"page-templates\/especialidades-subpagina.php","meta":[],"_links":{"self":[{"href":"https:\/\/mdclinica.com\/mdclinica\/wp-json\/wp\/v2\/pages\/1153"}],"collection":[{"href":"https:\/\/mdclinica.com\/mdclinica\/wp-json\/wp\/v2\/pages"}],"about":[{"href":"https:\/\/mdclinica.com\/mdclinica\/wp-json\/wp\/v2\/types\/page"}],"author":[{"embeddable":true,"href":"https:\/\/mdclinica.com\/mdclinica\/wp-json\/wp\/v2\/users\/6"}],"replies":[{"embeddable":true,"href":"https:\/\/mdclinica.com\/mdclinica\/wp-json\/wp\/v2\/comments?post=1153"}],"version-history":[{"count":16,"href":"https:\/\/mdclinica.com\/mdclinica\/wp-json\/wp\/v2\/pages\/1153\/revisions"}],"predecessor-version":[{"id":9299,"href":"https:\/\/mdclinica.com\/mdclinica\/wp-json\/wp\/v2\/pages\/1153\/revisions\/9299"}],"up":[{"embeddable":true,"href":"https:\/\/mdclinica.com\/mdclinica\/wp-json\/wp\/v2\/pages\/4378"}],"wp:featuredmedia":[{"embeddable":true,"href":"https:\/\/mdclinica.com\/mdclinica\/wp-json\/wp\/v2\/media\/4974"}],"wp:attachment":[{"href":"https:\/\/mdclinica.com\/mdclinica\/wp-json\/wp\/v2\/media?parent=1153"}],"curies":[{"name":"wp","href":"https:\/\/api.w.org\/{rel}","templated":true}]}}