{"id":1157,"date":"2018-02-27T22:56:35","date_gmt":"2018-02-27T22:56:35","guid":{"rendered":"https:\/\/mdclinica.com\/mdclinica\/?page_id=1157"},"modified":"2025-12-12T13:54:16","modified_gmt":"2025-12-12T13:54:16","slug":"aparelhos-dentarios","status":"publish","type":"page","link":"https:\/\/mdclinica.com\/mdclinica\/especialidades\/medicina-dentaria\/aparelhos-dentarios\/","title":{"rendered":"Ortodontia no Adulto"},"content":{"rendered":"<h4>A Ortodontia \u00e9 a especialidade da medicina dent\u00e1ria que se dedica \u00e0 preven\u00e7\u00e3o e corre\u00e7\u00e3o das m\u00e1s posi\u00e7\u00f5es dos dentes e dos maxilares, atrav\u00e9s da utiliza\u00e7\u00e3o de aparelhos dent\u00e1rios.<\/h4>\n<p style=\"text-align: justify;\">As causas dos problemas ortod\u00f4nticos podem ser heredit\u00e1rias (familiares, por ex. queixo ou dentes salientes do pai ou m\u00e3e), naturais (h\u00e1bitos de \u201cchuchar no dedo\u201d, respira\u00e7\u00e3o pela boca, perda precoce de dentes de leite), ou combina\u00e7\u00e3o das duas.<\/p>\n<h6 style=\"text-align: justify;\">Benef\u00edcios dos aparelhos dent\u00e1rios:<\/h6>\n<ul style=\"text-align: justify;\">\n<li>A melhoria est\u00e9tica da face e do sorriso, com o consequente aumento da auto-estima.<\/li>\n<li>O correto alinhamento dos dentes, tornando poss\u00edvel uma melhor higiene dent\u00e1ria e diminui\u00e7\u00e3o do risco de c\u00e1ries e problemas nas gengivas.<\/li>\n<li>A melhoria da fun\u00e7\u00e3o mastigat\u00f3ria, muscular e da articula\u00e7\u00e3o dos maxilares com benef\u00edcio em termos de sa\u00fade geral.<\/li>\n<\/ul>\n<h6 style=\"text-align: justify;\">O tratamento ortod\u00f4ntico no adulto<\/h6>\n<ul>\n<li style=\"text-align: justify;\">Qualquer pessoa com problemas ortod\u00f4nticos pode beneficiar de um tratamento ortod\u00f4ntico na idade adulta.<\/li>\n<li style=\"text-align: justify;\">Em m\u00e9dia, o tempo de tratamento est\u00e1 entre 18 a 24 meses, podendo variar em fun\u00e7\u00e3o do tipo de deforma\u00e7\u00e3o existente e da dificuldade do tratamento a efetuar.<\/li>\n<li>No tratamento ortod\u00f4ntico com recurso a aparelho fixo, os dentes s\u00e3o movimentados atrav\u00e9s de for\u00e7as leves exercidas pelos aparelhos sobre os dentes, que promovem a transforma\u00e7\u00e3o do osso que os rodeia.<\/li>\n<li>Os aparelhos dent\u00e1rios podem provocar algum desconforto, principalmente nas primeiras horas ap\u00f3s serem colocados ou ajustados na consulta de controlo. Todavia, esse inc\u00f3modo desaparece rapidamente.<\/li>\n<li style=\"text-align: justify;\">Os aparelhos dent\u00e1rios fixos promovem a reten\u00e7\u00e3o de placa bacteriana, durante o tratamento. Por este motivo, os dentes dever\u00e3o ser escovados depois de todas as refei\u00e7\u00f5es (incluindo pequenos lanches), utilizando uma pasta fluoretada e escova ortod\u00f4ntica (especial para higienizar brackets e arcos).<\/li>\n<\/ul>\n<h6 style=\"text-align: justify;\">Orthopulse reduz para metade o tempo de tratamento<\/h6>\n<p>Orthopulse \u00e9 um dispositivo clinicamente provado que potencia a luz LED de baixo espectro de forma a facilitar e acelerar o movimento dos dentes. 10 minutos de Orthopulse por dia acelera o movimento ortod\u00f4ntico dos dentes, encurtando notoriamente o tempo de utiliza\u00e7\u00e3o de brackets ou alinhadores.<\/p>\n<p>Saiba mais\u00a0<a href=\"https:\/\/mdclinica.com\/mdclinica\/noticias\/orthopulse-para-um-tratamento-ortodontico-muito-mais-rapido-2\/\">neste link<\/a>.<\/p>\n<p><span style=\"color: #ffffff;\">.<\/span><\/p>\n<p><span style=\"color: #ffffff;\">.<\/span><\/p>\n<p><a href=\"https:\/\/mdclinica.com\/mdclinica\/marcacao-de-consulta\/\">MARCAR CONSULTA<\/a><\/p>\n","protected":false},"excerpt":{"rendered":"<p>A Ortodontia \u00e9 a especialidade da medicina dent\u00e1ria que se dedica \u00e0 preven\u00e7\u00e3o e corre\u00e7\u00e3o das m\u00e1s posi\u00e7\u00f5es dos dentes e dos maxilares, atrav\u00e9s da utiliza\u00e7\u00e3o de aparelhos dent\u00e1rios. As causas dos problemas ortod\u00f4nticos podem ser heredit\u00e1rias (familiares, por ex. queixo ou dentes salientes do pai ou m\u00e3e), naturais (h\u00e1bitos de \u201cchuchar no dedo\u201d, respira\u00e7\u00e3o [&hellip;]<\/p>\n","protected":false},"author":6,"featured_media":4958,"parent":4378,"menu_order":1,"comment_status":"closed","ping_status":"closed","template":"page-templates\/especialidades-subpagina.php","meta":[],"_links":{"self":[{"href":"https:\/\/mdclinica.com\/mdclinica\/wp-json\/wp\/v2\/pages\/1157"}],"collection":[{"href":"https:\/\/mdclinica.com\/mdclinica\/wp-json\/wp\/v2\/pages"}],"about":[{"href":"https:\/\/mdclinica.com\/mdclinica\/wp-json\/wp\/v2\/types\/page"}],"author":[{"embeddable":true,"href":"https:\/\/mdclinica.com\/mdclinica\/wp-json\/wp\/v2\/users\/6"}],"replies":[{"embeddable":true,"href":"https:\/\/mdclinica.com\/mdclinica\/wp-json\/wp\/v2\/comments?post=1157"}],"version-history":[{"count":24,"href":"https:\/\/mdclinica.com\/mdclinica\/wp-json\/wp\/v2\/pages\/1157\/revisions"}],"predecessor-version":[{"id":9774,"href":"https:\/\/mdclinica.com\/mdclinica\/wp-json\/wp\/v2\/pages\/1157\/revisions\/9774"}],"up":[{"embeddable":true,"href":"https:\/\/mdclinica.com\/mdclinica\/wp-json\/wp\/v2\/pages\/4378"}],"wp:featuredmedia":[{"embeddable":true,"href":"https:\/\/mdclinica.com\/mdclinica\/wp-json\/wp\/v2\/media\/4958"}],"wp:attachment":[{"href":"https:\/\/mdclinica.com\/mdclinica\/wp-json\/wp\/v2\/media?parent=1157"}],"curies":[{"name":"wp","href":"https:\/\/api.w.org\/{rel}","templated":true}]}}