{"id":1177,"date":"2018-02-27T23:12:52","date_gmt":"2018-02-27T23:12:52","guid":{"rendered":"https:\/\/mdclinica.com\/mdclinica\/?page_id=1177"},"modified":"2024-07-30T16:31:14","modified_gmt":"2024-07-30T15:31:14","slug":"disfuncao-temporomandibular","status":"publish","type":"page","link":"https:\/\/mdclinica.com\/mdclinica\/especialidades\/bem-estar\/disfuncao-temporomandibular\/","title":{"rendered":"Disfun\u00e7\u00e3o Temporomandibular: conhe\u00e7a esta s\u00edndrome"},"content":{"rendered":"<p style=\"font-size: 23px; color: #a58da2; line-height: 25.3px; letter-spacing: 1px; font-family: HelveticaNeueLTStd-Bd;\">A Disfun\u00e7\u00e3o Temporomandibular \u00e9 a causa mais frequente de dor n\u00e3o dent\u00e1ria na regi\u00e3o orofacial.<\/p>\n<p>\u00a0<\/p>\n<p>A articula\u00e7\u00e3o temporomandibular (ATM) \u00e9 a articula\u00e7\u00e3o respons\u00e1vel pelo movimento da mand\u00edbula. D\u00e1-se, por isso, o nome de Disfun\u00e7\u00e3o Temporomandibular a qualquer problema que impe\u00e7a o pr\u00f3prio funcionamento desta articula\u00e7\u00e3o.<\/p>\n<p>\u00a0<\/p>\n<h2>Quais as causas da Disfun\u00e7\u00e3o Temporomandibular?<\/h2>\n<p>A origem da Disfun\u00e7\u00e3o Temporomandibular \u00e9 considerada multifatorial, e entre as causas desta s\u00edndrome podem estar:<\/p>\n<ul>\n<li aria-level=\"1\">Apertar e ranger os dentes, patologia designada de Bruxismo<\/li>\n<li aria-level=\"1\">Patologias articulares como Artrite<\/li>\n<li aria-level=\"1\">Traumatismos da mand\u00edbula<\/li>\n<li aria-level=\"1\">Problemas de oclus\u00e3o dent\u00e1ria<\/li>\n<li aria-level=\"1\">Tens\u00e3o muscular e emocional.<\/li>\n<\/ul>\n<h2>Quais os sintomas da Disfun\u00e7\u00e3o Temporomandibular?<\/h2>\n<p>Esta s\u00edndrome da ATM apresenta muitos sintomas e sinais, entre os quais se incluem os seguintes, mais comuns:<\/p>\n<ul>\n<li>dores de cabe\u00e7a ou ouvidos<\/li>\n<li>sensa\u00e7\u00e3o de desencaixe ou bloqueio ao abrir ou fechar a boca<\/li>\n<li>dor ao bocejar, ao abrir muito a boca ou ao mastigar<\/li>\n<li>sensibilidade muscular<\/li>\n<li>estalidos e bloqueio dos movimentos da articula\u00e7\u00e3o.<\/li>\n<\/ul>\n<p><span style=\"color: #ffffff;\">.<\/span><\/p>\n<h3>Como se diagnostica a disfun\u00e7\u00e3o temporomandibular?<\/h3>\n<p>Antes de avan\u00e7ar para o seu tratamento, \u00e9 necess\u00e1rio compreender as causas da Disfun\u00e7\u00e3o Temporomandibular.<\/p>\n<p>Em consulta com os profissionais da MD Cl\u00ednica, \u00e9 realizado o diagn\u00f3stico. Em primeiro lugar, o paciente apresenta os seus sintomas e o seu hist\u00f3rico \u2013 como e quando surgiram \u2013 e o seu quadro cl\u00ednico geral \u00e9 avaliado.<br \/>De seguida, a equipa m\u00e9dica faz uma avalia\u00e7\u00e3o \u00e0 mand\u00edbula, da articula\u00e7\u00e3o \u00e0 musculatura envolvente, verificando se existe alguma restri\u00e7\u00e3o ou altera\u00e7\u00e3o \u00e0 mobilidade mandibular, dor, entre outros sintomas.<\/p>\n<p>\u00a0<\/p>\n<h3>Qual o tratamento para a Disfun\u00e7\u00e3o Temporomandibular?<\/h3>\n<p>Para o tratamento da Disfun\u00e7\u00e3o Temporomandibular, a <span style=\"text-decoration: underline;\"><a href=\"https:\/\/mdclinica.com\/mdclinica\/2018\/quando-a-fisioterapia-orofacial-faz-sentido\/\" data-wplink-edit=\"true\">Fisioterapia Orofacial<\/a><\/span> assume-se como essencial, uma vez que permite trabalhar os m\u00fasculos, com a recomenda\u00e7\u00e3o de exerc\u00edcios di\u00e1rios enquanto complemento do tratamento.<\/p>\n<p>O m\u00e9dico dentista poder\u00e1 receitar alguma farmacologia, pedir exames complementares de diagn\u00f3stico, e, eventualmente, nos casos em que considere necess\u00e1rio, prescrever uma goteira de relaxamento.<\/p>\n<p>\u00a0<\/p>\n<h3>Pode ser necess\u00e1rio complementar o tratamento da Disfun\u00e7\u00e3o Temporomandibular?<\/h3>\n<p>Sim, em alguns casos pode ser necess\u00e1rio complementar o tratamento atrav\u00e9s de Viscossuplementa\u00e7\u00e3o \u2013 inje\u00e7\u00f5es de \u00e1cido hialur\u00f3nico dentro da articula\u00e7\u00e3o \u2013, administrada pelo m\u00e9dico dentista.<br \/>A coordena\u00e7\u00e3o entre as diferentes especialidades m\u00e9dicas da MD Cl\u00ednica \u00e9 essencial para garantir o tratamento mais adequado ao seu caso e os melhores resultados, possibilitando restaurar o seu conforto.<\/p>\n<p>Se tem sintomas que se assemelham aos da Disfun\u00e7\u00e3o Temporomandibular, n\u00e3o adie: marque a sua consulta com a MD Cl\u00ednica.<\/p>\n<p><span style=\"color: #ffffff;\">.<\/span><\/p>\n<p><span style=\"color: #ffffff;\">\u00a0<\/span><\/p>\n\n\n<div class=\"wp-block-buttons\">\n<div class=\"wp-block-button\"><a class=\"wp-block-button__link has-background\" href=\"https:\/\/mdclinica.com\/mdclinica\/contactos\/\" style=\"background-color:#72586f\">MARCAR CONSULTA<\/a><\/div>\n<\/div>\n\n\n\n<p><\/p>\n","protected":false},"excerpt":{"rendered":"<p>A Disfun\u00e7\u00e3o Temporomandibular \u00e9 a causa mais frequente de dor n\u00e3o dent\u00e1ria na regi\u00e3o orofacial. \u00a0 A articula\u00e7\u00e3o temporomandibular (ATM) \u00e9 a articula\u00e7\u00e3o respons\u00e1vel pelo movimento da mand\u00edbula. D\u00e1-se, por isso, o nome de Disfun\u00e7\u00e3o Temporomandibular a qualquer problema que impe\u00e7a o pr\u00f3prio funcionamento desta articula\u00e7\u00e3o. \u00a0 Quais as causas da Disfun\u00e7\u00e3o Temporomandibular? A origem [&hellip;]<\/p>\n","protected":false},"author":6,"featured_media":4842,"parent":4406,"menu_order":21,"comment_status":"closed","ping_status":"closed","template":"page-templates\/especialidades-subpagina.php","meta":[],"_links":{"self":[{"href":"https:\/\/mdclinica.com\/mdclinica\/wp-json\/wp\/v2\/pages\/1177"}],"collection":[{"href":"https:\/\/mdclinica.com\/mdclinica\/wp-json\/wp\/v2\/pages"}],"about":[{"href":"https:\/\/mdclinica.com\/mdclinica\/wp-json\/wp\/v2\/types\/page"}],"author":[{"embeddable":true,"href":"https:\/\/mdclinica.com\/mdclinica\/wp-json\/wp\/v2\/users\/6"}],"replies":[{"embeddable":true,"href":"https:\/\/mdclinica.com\/mdclinica\/wp-json\/wp\/v2\/comments?post=1177"}],"version-history":[{"count":31,"href":"https:\/\/mdclinica.com\/mdclinica\/wp-json\/wp\/v2\/pages\/1177\/revisions"}],"predecessor-version":[{"id":9604,"href":"https:\/\/mdclinica.com\/mdclinica\/wp-json\/wp\/v2\/pages\/1177\/revisions\/9604"}],"up":[{"embeddable":true,"href":"https:\/\/mdclinica.com\/mdclinica\/wp-json\/wp\/v2\/pages\/4406"}],"wp:featuredmedia":[{"embeddable":true,"href":"https:\/\/mdclinica.com\/mdclinica\/wp-json\/wp\/v2\/media\/4842"}],"wp:attachment":[{"href":"https:\/\/mdclinica.com\/mdclinica\/wp-json\/wp\/v2\/media?parent=1177"}],"curies":[{"name":"wp","href":"https:\/\/api.w.org\/{rel}","templated":true}]}}