{"id":2434,"date":"2018-11-08T16:19:35","date_gmt":"2018-11-08T16:19:35","guid":{"rendered":"https:\/\/mdclinica.com\/mdclinica\/?page_id=2434"},"modified":"2021-04-06T11:39:43","modified_gmt":"2021-04-06T10:39:43","slug":"laserterapia-na-odontologia","status":"publish","type":"page","link":"https:\/\/mdclinica.com\/mdclinica\/especialidades\/laser\/laserterapia-na-odontologia\/","title":{"rendered":"Laserterapia na Odontologia"},"content":{"rendered":"<h3>Contamos agora com um novo recurso na nossa cl\u00ednica: a \u00faltima gera\u00e7\u00e3o da <strong>tecnologia Laser<\/strong> com diferentes aplica\u00e7\u00f5es em tratamentos de Medicina Dent\u00e1ria (Laserterapia na Odontologia).<\/h3>\n<p>Um dos pilares do nosso trabalho consiste precisamente na pesquisa e obten\u00e7\u00e3o constante de inova\u00e7\u00e3o e novos equipamentos que promovam a sa\u00fade, o conforto e o bem-estar dos nossos pacientes &#8211; com novas solu\u00e7\u00f5es e \u00e2ngulos de resolu\u00e7\u00e3o para problemas de sa\u00fade dent\u00e1ria, facial e est\u00e9tica.<\/p>\n<p><strong>ER: YAG Lasers da Fotona<\/strong>, com mais de 50 anos de experi\u00eancia na \u00e1rea da tecnologia Laser, proporciona aos nossos profissionais um conjunto de instrumentos e forma\u00e7\u00e3o especializada que resulta numa ampla gama de tratamentos e solu\u00e7\u00f5es adequadas \u00e0s suas necessidades enquanto paciente, com resultados cl\u00ednicos mais r\u00e1pidos, seguros e eficazes.<\/p>\n<h6>Vantagens Laserterapia na Odontologia<\/h6>\n<p>A utiliza\u00e7\u00e3o da <strong>tecnologia Laser<\/strong> em alguns tratamentos de <strong>Medicina\u00a0Dent\u00e1ria<\/strong> (Laserterapia na Odontologia) permite, entre outras vantagens, um p\u00f3s-operat\u00f3rio menos doloroso, com uma inflama\u00e7\u00e3o mais reduzida e um per\u00edodo de cicatriza\u00e7\u00e3o ainda mais curto.<\/p>\n<p>Com o Laser h\u00e1 tamb\u00e9m muito menos hemorragia &#8211; o que para pacientes hipocoagulados e crian\u00e7as \u00e9 muit\u00edssimo vantajoso.<\/p>\n<h6>Como podemos aplicar a\u00a0Laserterapia na Odontologia?<\/h6>\n<p>Na <strong>MD Cl\u00ednica<\/strong>, poder\u00e1 beneficiar das vantagens desta tecnologia em tratamentos de \u00e1reas como a Cirugia Oral, Implantologia, Periodontologia, Ortodontia, Endodontia e Higiene Oral.<\/p>\n<p>Estas s\u00e3o algumas das aplica\u00e7\u00f5es poss\u00edveis da Laserterapia na Odontologia:<\/p>\n<ul>\n<li>Remo\u00e7\u00e3o de aftas e tratamento de herpes<\/li>\n<li>Cirurgia de exposi\u00e7\u00e3o de caninos inclusos<\/li>\n<li>Acelera\u00e7\u00e3o do tratamento ortod\u00f4ntico<\/li>\n<li>Desinfe\u00e7\u00e3o de canais dent\u00e1rios<\/li>\n<li>Tratamento da sensibilidade dent\u00e1ria<\/li>\n<li>Remo\u00e7\u00e3o de les\u00f5es na l\u00edngua<\/li>\n<li>Tratamento de branqueamento dent\u00e1rio<\/li>\n<li>Gengivectomia<\/li>\n<li>Remo\u00e7\u00e3o de todas as les\u00f5es da cavidade oral<\/li>\n<li>Tratamento de perimplantites<\/li>\n<li>Diminui\u00e7\u00e3o da dor ap\u00f3s exodontia dos sisos<\/li>\n<li>Tratamento de paralisia facial<\/li>\n<li>Tratamento da disfun\u00e7\u00e3o temporo mandibular (ranger de dentes)<\/li>\n<li>Tratamento da nevralgia do trig\u00e9meo<\/li>\n<li>Tratamento de parestesia p\u00f3s-cir\u00fargica<\/li>\n<\/ul>\n<p>O potencial e a abrang\u00eancia da Laserterapia na Odontologia \u00e9, de facto, enorme.<\/p>\n<p>Na sua pr\u00f3xima consulta, pergunte-nos sobre as possibilidades desta tecnologia: teremos todo o gosto em mostrar-lhe o que pode fazer por si e pelo seu sorriso.<\/p>\n<p><a href=\"https:\/\/mdclinica.com\/mdclinica\/marcacao-de-consulta\/\">MARCAR CONSULTA<\/a><\/p>\n","protected":false},"excerpt":{"rendered":"<p>Contamos agora com um novo recurso na nossa cl\u00ednica: a \u00faltima gera\u00e7\u00e3o da tecnologia Laser com diferentes aplica\u00e7\u00f5es em tratamentos de Medicina Dent\u00e1ria (Laserterapia na Odontologia). Um dos pilares do nosso trabalho consiste precisamente na pesquisa e obten\u00e7\u00e3o constante de inova\u00e7\u00e3o e novos equipamentos que promovam a sa\u00fade, o conforto e o bem-estar dos nossos [&hellip;]<\/p>\n","protected":false},"author":6,"featured_media":4868,"parent":4404,"menu_order":0,"comment_status":"closed","ping_status":"closed","template":"page-templates\/especialidades-subpagina.php","meta":[],"_links":{"self":[{"href":"https:\/\/mdclinica.com\/mdclinica\/wp-json\/wp\/v2\/pages\/2434"}],"collection":[{"href":"https:\/\/mdclinica.com\/mdclinica\/wp-json\/wp\/v2\/pages"}],"about":[{"href":"https:\/\/mdclinica.com\/mdclinica\/wp-json\/wp\/v2\/types\/page"}],"author":[{"embeddable":true,"href":"https:\/\/mdclinica.com\/mdclinica\/wp-json\/wp\/v2\/users\/6"}],"replies":[{"embeddable":true,"href":"https:\/\/mdclinica.com\/mdclinica\/wp-json\/wp\/v2\/comments?post=2434"}],"version-history":[{"count":38,"href":"https:\/\/mdclinica.com\/mdclinica\/wp-json\/wp\/v2\/pages\/2434\/revisions"}],"predecessor-version":[{"id":7277,"href":"https:\/\/mdclinica.com\/mdclinica\/wp-json\/wp\/v2\/pages\/2434\/revisions\/7277"}],"up":[{"embeddable":true,"href":"https:\/\/mdclinica.com\/mdclinica\/wp-json\/wp\/v2\/pages\/4404"}],"wp:featuredmedia":[{"embeddable":true,"href":"https:\/\/mdclinica.com\/mdclinica\/wp-json\/wp\/v2\/media\/4868"}],"wp:attachment":[{"href":"https:\/\/mdclinica.com\/mdclinica\/wp-json\/wp\/v2\/media?parent=2434"}],"curies":[{"name":"wp","href":"https:\/\/api.w.org\/{rel}","templated":true}]}}