{"id":2494,"date":"2018-11-14T19:39:04","date_gmt":"2018-11-14T19:39:04","guid":{"rendered":"https:\/\/mdclinica.com\/mdclinica\/?page_id=2494"},"modified":"2020-06-25T14:33:07","modified_gmt":"2020-06-25T13:33:07","slug":"tratamentos-de-rosto-com-laser","status":"publish","type":"page","link":"https:\/\/mdclinica.com\/mdclinica\/especialidades\/laser\/tratamentos-de-rosto-com-laser\/","title":{"rendered":"Laser em Est\u00e9tica Facial"},"content":{"rendered":"<h6>A \u00faltima gera\u00e7\u00e3o da <strong>tecnologia laser<\/strong>\u00a0chegou \u00e0 sua MD Cl\u00ednica.<\/h6>\n<p>\u00a0<\/p>\n<p>O sistema <strong>ER: YAG Lasers da Fotona<\/strong>\u00a0permite-nos ampliar a nossa \u00e1rea de interven\u00e7\u00e3o e ser mais eficazes nos tratamentos de rosto com Laser.<\/p>\n<div class=\"page\" title=\"Page 1\">\n<div class=\"layoutArea\">\n<div class=\"column\">\n<p>Com o laser h\u00e1 muito menos hemorragia (o que para pacientes hipocoagulados \u00e9 muito vantajoso), menos dor, utilizamos 1\u20444 da anestesia, h\u00e1 menos inflama\u00e7\u00e3o p\u00f3s-operat\u00f3ria, menos dor e o per\u00edodo de cicatriza\u00e7\u00e3o \u00e9 muito mais curto.<\/p>\n<\/div>\n<\/div>\n<\/div>\n<p>Tudo se resume a resultados cl\u00ednicos mais r\u00e1pidos, seguros e eficazes.<\/p>\n<h6><span style=\"color: #ffffff;\">.<\/span><\/h6>\n<h2>Tratamentos de Rosto com Laser<\/h2>\n<p>A nossa \u00e1rea de Est\u00e9tica Facial era j\u00e1 pioneira na capacita\u00e7\u00e3o de profissionais de sa\u00fade e cirurgia oral para uma interven\u00e7\u00e3o est\u00e9tica mais global &#8211; facial e pesco\u00e7o &#8211; que lhe permitisse obter resultados completos, ao n\u00edvel da sua sa\u00fade e bem-estar, e definitivos.<\/p>\n<h6>O nosso trabalho de tratamentos de rosto ganha agora mais possibilidades de interven\u00e7\u00e3o e com menos risco, dor e tempo de recupera\u00e7\u00e3o para cada paciente.<\/h6>\n<p>\u00a0<\/p>\n<p>Na <strong>MD Cl\u00ednica<\/strong>, poder\u00e1 usufruir destes tratamentos de rosto com laser:<\/p>\n<ul>\n<li>Remo\u00e7\u00e3o de manchas<\/li>\n<li>Tratamento de cicatrizes hipertr\u00f3ficas<\/li>\n<li>Remo\u00e7\u00e3o de les\u00f5es vasculares<\/li>\n<li>Remo\u00e7\u00e3o de tatuagens<\/li>\n<li>Tratamento de ros\u00e1ceas<\/li>\n<li>Tratamento do acne<\/li>\n<li>Tratamento de rugas<\/li>\n<\/ul>\n<p>\u00a0<\/p>\n<h5>Outros exemplos de tratamentos de rosto com laser:<\/h5>\n<p>\u00a0<\/p>\n<h6>1. Resurfacing leve, moderado ou profundo:<\/h6>\n<p>este procedimento &#8211; com a dura\u00e7\u00e3o aproximada de 20 minutos &#8211; passa pela esfolia\u00e7\u00e3o da zona em tratamento, eliminando as camadas superiores da derme. A pele fica mais brilhante, menos porosa e com redu\u00e7\u00e3o de manchas. Os resultados s\u00e3o vis\u00edveis 3\/4 dias ap\u00f3s a interven\u00e7\u00e3o, e podem durar at\u00e9 1 ano (com o adequado cuidado do paciente, aplica\u00e7\u00e3o de protetor solar, etc.).<\/p>\n<h6>2. Aumento dos l\u00e1bios:<\/h6>\n<p>este tratamento de rosto com laser tem a dura\u00e7\u00e3o aproximada de 15 minutos e evita a inje\u00e7\u00e3o de subst\u00e2ncia \u00a0&#8211; como o botox &#8211; ao estimular a produ\u00e7\u00e3o de natural colag\u00e9nio no paciente. Os resultados s\u00e3o imediatos!<br \/>Se tiver interesse em explorar estes tratamentos de rosto, <a href=\"https:\/\/mdclinica.com\/mdclinica\/contactos\/\">pe\u00e7a mais informa\u00e7\u00f5es<\/a> sobre as vantagens desta tecnologia e perceba de que forma pode contribuir para alegrar o seu sorriso.<\/p>\n<p><a href=\"https:\/\/mdclinica.com\/mdclinica\/marcacao-de-consulta\/\">MARCAR CONSULTA<\/a><\/p>\n\n\n<p><\/p>\n","protected":false},"excerpt":{"rendered":"<p>A \u00faltima gera\u00e7\u00e3o da tecnologia laser\u00a0chegou \u00e0 sua MD Cl\u00ednica. \u00a0 O sistema ER: YAG Lasers da Fotona\u00a0permite-nos ampliar a nossa \u00e1rea de interven\u00e7\u00e3o e ser mais eficazes nos tratamentos de rosto com Laser. Com o laser h\u00e1 muito menos hemorragia (o que para pacientes hipocoagulados \u00e9 muito vantajoso), menos dor, utilizamos 1\u20444 da anestesia, [&hellip;]<\/p>\n","protected":false},"author":6,"featured_media":2695,"parent":4404,"menu_order":0,"comment_status":"closed","ping_status":"closed","template":"page-templates\/especialidades-subpagina.php","meta":[],"_links":{"self":[{"href":"https:\/\/mdclinica.com\/mdclinica\/wp-json\/wp\/v2\/pages\/2494"}],"collection":[{"href":"https:\/\/mdclinica.com\/mdclinica\/wp-json\/wp\/v2\/pages"}],"about":[{"href":"https:\/\/mdclinica.com\/mdclinica\/wp-json\/wp\/v2\/types\/page"}],"author":[{"embeddable":true,"href":"https:\/\/mdclinica.com\/mdclinica\/wp-json\/wp\/v2\/users\/6"}],"replies":[{"embeddable":true,"href":"https:\/\/mdclinica.com\/mdclinica\/wp-json\/wp\/v2\/comments?post=2494"}],"version-history":[{"count":38,"href":"https:\/\/mdclinica.com\/mdclinica\/wp-json\/wp\/v2\/pages\/2494\/revisions"}],"predecessor-version":[{"id":5822,"href":"https:\/\/mdclinica.com\/mdclinica\/wp-json\/wp\/v2\/pages\/2494\/revisions\/5822"}],"up":[{"embeddable":true,"href":"https:\/\/mdclinica.com\/mdclinica\/wp-json\/wp\/v2\/pages\/4404"}],"wp:featuredmedia":[{"embeddable":true,"href":"https:\/\/mdclinica.com\/mdclinica\/wp-json\/wp\/v2\/media\/2695"}],"wp:attachment":[{"href":"https:\/\/mdclinica.com\/mdclinica\/wp-json\/wp\/v2\/media?parent=2494"}],"curies":[{"name":"wp","href":"https:\/\/api.w.org\/{rel}","templated":true}]}}