{"id":35,"date":"2016-11-29T17:52:14","date_gmt":"2016-11-29T17:52:14","guid":{"rendered":"https:\/\/mdclinica.com\/mdclinica\/?page_id=35"},"modified":"2025-10-01T18:39:19","modified_gmt":"2025-10-01T17:39:19","slug":"sobre-a-clinica","status":"publish","type":"page","link":"https:\/\/mdclinica.com\/mdclinica\/quem-somos\/sobre-a-clinica\/","title":{"rendered":"Sobre a cl\u00ednica"},"content":{"rendered":"<h2 style=\"text-align: justify;\">A nossa cl\u00ednica dent\u00e1ria concilia todas as especialidades com modernas tecnologias e equipamentos, a pre\u00e7os acess\u00edveis.<\/h2>\n<p style=\"text-align: justify;\">No centro de Lisboa (junto ao Marqu\u00eas de Pombal) contamos com uma equipa de profissionais experientes que o acompanhar\u00e3o num ambiente familiar e descontra\u00eddo durante as v\u00e1rias fases do seu plano de tratamento.<\/p>\n<p>A nossa cl\u00ednica dent\u00e1ria disp\u00f5e de 900 m2:<\/p>\n<ul>\n<li>2 Pisos e\u00a016 Gabinetes<\/li>\n<li>2 Blocos Operat\u00f3rios e\u00a04 Salas de Recobro<\/li>\n<li>Microsc\u00f3pio Operat\u00f3rio para tratamentos de endotontia\/desvitaliza\u00e7\u00e3o<\/li>\n<li>Ortopantom\u00f3grafo de \u00faltima gera\u00e7\u00e3o e tomografia computarizada (TAC)<\/li>\n<li>Laborat\u00f3rio Integrado com todas as \u00faltimas tecnologias (CAD \/ CAM)<\/li>\n<li>Scanner Itero (intraoral)<\/li>\n<li>Sala de forma\u00e7\u00e3o para 20 pessoas<\/li>\n<\/ul>\n<p>Toda a cl\u00ednica permite acesso e circula\u00e7\u00e3o de pessoas com mobilidade reduzida.<\/p>\n<h3>Tem interesse em integrar a Equipa MD Cl\u00ednica?<\/h3>\n<p>Agradecemos o envio da sua candidatura espont\u00e2nea, com submiss\u00e3o de Curriculum Vitae e breve apresenta\u00e7\u00e3o, atrav\u00e9s do email <a href=\"mailto:geral@mdclinica.com\">geral@mdclinica.com<\/a>.<\/p>\n<h4>Livro de Reclama\u00e7\u00f5es Eletr\u00f3nico<\/h4>\n<p>Caso deseje fazer uma reclama\u00e7\u00e3o, j\u00e1 poder\u00e1 faz\u00ea-lo atrav\u00e9s desta plataforma eletr\u00f3nica equivalente ao Livro de Reclama\u00e7\u00f5es convencional: <a href=\"https:\/\/www.livroreclamacoes.pt\">https:\/\/www.livroreclamacoes.pt<\/a>.<\/p>\n<p>Para obter mais informa\u00e7\u00f5es, poder\u00e1 ainda <a href=\"https:\/\/www.consumidor.gov.pt\/pagina-de-entrada\/livro-de-reclamacoes-regras-de-utilizacao-do-logotipo-do-lre.aspx\">consultar as orienta\u00e7\u00f5es<\/a> da Dire\u00e7\u00e3o-Geral do Consumidor sobre esta ferramenta online.<\/p>\n","protected":false},"excerpt":{"rendered":"<p>A nossa cl\u00ednica dent\u00e1ria concilia todas as especialidades com modernas tecnologias e equipamentos, a pre\u00e7os acess\u00edveis. No centro de Lisboa (junto ao Marqu\u00eas de Pombal) contamos com uma equipa de profissionais experientes que o acompanhar\u00e3o num ambiente familiar e descontra\u00eddo durante as v\u00e1rias fases do seu plano de tratamento. A nossa cl\u00ednica dent\u00e1ria disp\u00f5e de [&hellip;]<\/p>\n","protected":false},"author":1,"featured_media":0,"parent":32,"menu_order":0,"comment_status":"closed","ping_status":"closed","template":"page-templates\/sobre.php","meta":[],"_links":{"self":[{"href":"https:\/\/mdclinica.com\/mdclinica\/wp-json\/wp\/v2\/pages\/35"}],"collection":[{"href":"https:\/\/mdclinica.com\/mdclinica\/wp-json\/wp\/v2\/pages"}],"about":[{"href":"https:\/\/mdclinica.com\/mdclinica\/wp-json\/wp\/v2\/types\/page"}],"author":[{"embeddable":true,"href":"https:\/\/mdclinica.com\/mdclinica\/wp-json\/wp\/v2\/users\/1"}],"replies":[{"embeddable":true,"href":"https:\/\/mdclinica.com\/mdclinica\/wp-json\/wp\/v2\/comments?post=35"}],"version-history":[{"count":28,"href":"https:\/\/mdclinica.com\/mdclinica\/wp-json\/wp\/v2\/pages\/35\/revisions"}],"predecessor-version":[{"id":9696,"href":"https:\/\/mdclinica.com\/mdclinica\/wp-json\/wp\/v2\/pages\/35\/revisions\/9696"}],"up":[{"embeddable":true,"href":"https:\/\/mdclinica.com\/mdclinica\/wp-json\/wp\/v2\/pages\/32"}],"wp:attachment":[{"href":"https:\/\/mdclinica.com\/mdclinica\/wp-json\/wp\/v2\/media?parent=35"}],"curies":[{"name":"wp","href":"https:\/\/api.w.org\/{rel}","templated":true}]}}