{"id":4378,"date":"2019-10-12T15:29:32","date_gmt":"2019-10-12T14:29:32","guid":{"rendered":"https:\/\/mdclinica.com\/mdclinica\/?page_id=4378"},"modified":"2025-12-17T11:29:31","modified_gmt":"2025-12-17T11:29:31","slug":"medicina-dentaria","status":"publish","type":"page","link":"https:\/\/mdclinica.com\/mdclinica\/especialidades\/medicina-dentaria\/","title":{"rendered":"MD Medicina Dent\u00e1ria"},"content":{"rendered":"<h4>A MD Cl\u00ednica disponibiliza-lhe todas as especialidades de Medicina Dent\u00e1ria, num espa\u00e7o que concilia a excel\u00eancia cl\u00ednica com as mais modernas tecnologias e equipamentos.<\/h4>\n<h4><span style=\"color: #ffffff;\">.<\/span><\/h4>\n<h4>No centro de Lisboa, contamos com uma equipa de profissionais experientes que o acompanhar\u00e3o num ambiente familiar e descontra\u00eddo durante as v\u00e1rias fases do seu plano de tratamento.<\/h4>\n","protected":false},"excerpt":{"rendered":"<p>A MD Cl\u00ednica disponibiliza-lhe todas as especialidades de Medicina Dent\u00e1ria, num espa\u00e7o que concilia a excel\u00eancia cl\u00ednica com as mais modernas tecnologias e equipamentos. . No centro de Lisboa, contamos com uma equipa de profissionais experientes que o acompanhar\u00e3o num ambiente familiar e descontra\u00eddo durante as v\u00e1rias fases do seu plano de tratamento.<\/p>\n","protected":false},"author":6,"featured_media":4555,"parent":39,"menu_order":0,"comment_status":"closed","ping_status":"closed","template":"page-templates\/especialidades-subpagina.php","meta":[],"_links":{"self":[{"href":"https:\/\/mdclinica.com\/mdclinica\/wp-json\/wp\/v2\/pages\/4378"}],"collection":[{"href":"https:\/\/mdclinica.com\/mdclinica\/wp-json\/wp\/v2\/pages"}],"about":[{"href":"https:\/\/mdclinica.com\/mdclinica\/wp-json\/wp\/v2\/types\/page"}],"author":[{"embeddable":true,"href":"https:\/\/mdclinica.com\/mdclinica\/wp-json\/wp\/v2\/users\/6"}],"replies":[{"embeddable":true,"href":"https:\/\/mdclinica.com\/mdclinica\/wp-json\/wp\/v2\/comments?post=4378"}],"version-history":[{"count":12,"href":"https:\/\/mdclinica.com\/mdclinica\/wp-json\/wp\/v2\/pages\/4378\/revisions"}],"predecessor-version":[{"id":9786,"href":"https:\/\/mdclinica.com\/mdclinica\/wp-json\/wp\/v2\/pages\/4378\/revisions\/9786"}],"up":[{"embeddable":true,"href":"https:\/\/mdclinica.com\/mdclinica\/wp-json\/wp\/v2\/pages\/39"}],"wp:featuredmedia":[{"embeddable":true,"href":"https:\/\/mdclinica.com\/mdclinica\/wp-json\/wp\/v2\/media\/4555"}],"wp:attachment":[{"href":"https:\/\/mdclinica.com\/mdclinica\/wp-json\/wp\/v2\/media?parent=4378"}],"curies":[{"name":"wp","href":"https:\/\/api.w.org\/{rel}","templated":true}]}}