{"id":4395,"date":"2019-10-14T15:01:46","date_gmt":"2019-10-14T14:01:46","guid":{"rendered":"https:\/\/mdclinica.com\/mdclinica\/?page_id=4395"},"modified":"2019-12-06T11:22:54","modified_gmt":"2019-12-06T11:22:54","slug":"implantologia","status":"publish","type":"page","link":"https:\/\/mdclinica.com\/mdclinica\/especialidades\/implantologia\/","title":{"rendered":"MD Implantologia"},"content":{"rendered":"<h4>As nossas equipas dedicadas \u00e0s Implantologia garantem-lhe a coloca\u00e7\u00e3o de implantes dent\u00e1rios atrav\u00e9s das mais avan\u00e7adas t\u00e9cnicas de Medicina Dent\u00e1ria &#8211; com o maior conforto e menor per\u00edodo de cicatriza\u00e7\u00e3o poss\u00edveis.<\/h4>\n<h4><span style=\"color: #ffffff;\">.<\/span><\/h4>\n<h4>Quer tenha perdido um dente natural ou\u00a0quantidades de osso reduzidas, os tratamentos de Implantologia na\u00a0MD Cl\u00ednica nunca desistem de lhe proporcionar um novo e belo sorriso.<\/h4>\n","protected":false},"excerpt":{"rendered":"<p>As nossas equipas dedicadas \u00e0s Implantologia garantem-lhe a coloca\u00e7\u00e3o de implantes dent\u00e1rios atrav\u00e9s das mais avan\u00e7adas t\u00e9cnicas de Medicina Dent\u00e1ria &#8211; com o maior conforto e menor per\u00edodo de cicatriza\u00e7\u00e3o poss\u00edveis. . Quer tenha perdido um dente natural ou\u00a0quantidades de osso reduzidas, os tratamentos de Implantologia na\u00a0MD Cl\u00ednica nunca desistem de lhe proporcionar um novo [&hellip;]<\/p>\n","protected":false},"author":6,"featured_media":4551,"parent":39,"menu_order":0,"comment_status":"closed","ping_status":"closed","template":"page-templates\/especialidades-subpagina.php","meta":[],"_links":{"self":[{"href":"https:\/\/mdclinica.com\/mdclinica\/wp-json\/wp\/v2\/pages\/4395"}],"collection":[{"href":"https:\/\/mdclinica.com\/mdclinica\/wp-json\/wp\/v2\/pages"}],"about":[{"href":"https:\/\/mdclinica.com\/mdclinica\/wp-json\/wp\/v2\/types\/page"}],"author":[{"embeddable":true,"href":"https:\/\/mdclinica.com\/mdclinica\/wp-json\/wp\/v2\/users\/6"}],"replies":[{"embeddable":true,"href":"https:\/\/mdclinica.com\/mdclinica\/wp-json\/wp\/v2\/comments?post=4395"}],"version-history":[{"count":12,"href":"https:\/\/mdclinica.com\/mdclinica\/wp-json\/wp\/v2\/pages\/4395\/revisions"}],"predecessor-version":[{"id":4928,"href":"https:\/\/mdclinica.com\/mdclinica\/wp-json\/wp\/v2\/pages\/4395\/revisions\/4928"}],"up":[{"embeddable":true,"href":"https:\/\/mdclinica.com\/mdclinica\/wp-json\/wp\/v2\/pages\/39"}],"wp:featuredmedia":[{"embeddable":true,"href":"https:\/\/mdclinica.com\/mdclinica\/wp-json\/wp\/v2\/media\/4551"}],"wp:attachment":[{"href":"https:\/\/mdclinica.com\/mdclinica\/wp-json\/wp\/v2\/media?parent=4395"}],"curies":[{"name":"wp","href":"https:\/\/api.w.org\/{rel}","templated":true}]}}