{"id":4397,"date":"2019-10-14T15:02:25","date_gmt":"2019-10-14T14:02:25","guid":{"rendered":"https:\/\/mdclinica.com\/mdclinica\/?page_id=4397"},"modified":"2025-10-01T19:05:50","modified_gmt":"2025-10-01T18:05:50","slug":"ortodontia-invisalign","status":"publish","type":"page","link":"https:\/\/mdclinica.com\/mdclinica\/especialidades\/ortodontia-invisalign\/","title":{"rendered":"MD Ortodontia Invis\u00edvel"},"content":{"rendered":"<h5><span style=\"color: #808080;\">O sistema inovador Invisalign alinha os seus dentes sem a aplica\u00e7\u00e3o de brackets &#8211; um aparelho dent\u00e1rio transparente.<\/span><\/h5>\n<h5><\/h5>\n<h5><span style=\"color: #808080;\">Com os seus mais de 4.500 pacientes, a MD Cl\u00ednica \u00e9 Top Provider em Portugal. <\/span><\/h5>\n<h5><span style=\"color: #808080;\">Lideramos no tratamento com Invisalign no pa\u00eds, uma conquista impulsionada pela vis\u00e3o e dedica\u00e7\u00e3o da Dra. Marina DePraetere e da sua equipa, que refor\u00e7a o compromisso da cl\u00ednica com a excel\u00eancia, a inova\u00e7\u00e3o tecnol\u00f3gica e a personaliza\u00e7\u00e3o de cada tratamento \u2013 transformando n\u00e3o apenas sorrisos, mas tamb\u00e9m vidas.<\/span><\/h5>\n","protected":false},"excerpt":{"rendered":"<p>O sistema inovador Invisalign alinha os seus dentes sem a aplica\u00e7\u00e3o de brackets &#8211; um aparelho dent\u00e1rio transparente. Com os seus mais de 4.500 pacientes, a MD Cl\u00ednica \u00e9 Top Provider em Portugal. Lideramos no tratamento com Invisalign no pa\u00eds, uma conquista impulsionada pela vis\u00e3o e dedica\u00e7\u00e3o da Dra. Marina DePraetere e da sua equipa, [&hellip;]<\/p>\n","protected":false},"author":6,"featured_media":9445,"parent":39,"menu_order":0,"comment_status":"closed","ping_status":"closed","template":"page-templates\/especialidades-subpagina.php","meta":[],"_links":{"self":[{"href":"https:\/\/mdclinica.com\/mdclinica\/wp-json\/wp\/v2\/pages\/4397"}],"collection":[{"href":"https:\/\/mdclinica.com\/mdclinica\/wp-json\/wp\/v2\/pages"}],"about":[{"href":"https:\/\/mdclinica.com\/mdclinica\/wp-json\/wp\/v2\/types\/page"}],"author":[{"embeddable":true,"href":"https:\/\/mdclinica.com\/mdclinica\/wp-json\/wp\/v2\/users\/6"}],"replies":[{"embeddable":true,"href":"https:\/\/mdclinica.com\/mdclinica\/wp-json\/wp\/v2\/comments?post=4397"}],"version-history":[{"count":27,"href":"https:\/\/mdclinica.com\/mdclinica\/wp-json\/wp\/v2\/pages\/4397\/revisions"}],"predecessor-version":[{"id":9722,"href":"https:\/\/mdclinica.com\/mdclinica\/wp-json\/wp\/v2\/pages\/4397\/revisions\/9722"}],"up":[{"embeddable":true,"href":"https:\/\/mdclinica.com\/mdclinica\/wp-json\/wp\/v2\/pages\/39"}],"wp:featuredmedia":[{"embeddable":true,"href":"https:\/\/mdclinica.com\/mdclinica\/wp-json\/wp\/v2\/media\/9445"}],"wp:attachment":[{"href":"https:\/\/mdclinica.com\/mdclinica\/wp-json\/wp\/v2\/media?parent=4397"}],"curies":[{"name":"wp","href":"https:\/\/api.w.org\/{rel}","templated":true}]}}