{"id":4402,"date":"2019-10-14T15:03:22","date_gmt":"2019-10-14T14:03:22","guid":{"rendered":"https:\/\/mdclinica.com\/mdclinica\/?page_id=4402"},"modified":"2024-07-31T10:58:20","modified_gmt":"2024-07-31T09:58:20","slug":"estetica-facial","status":"publish","type":"page","link":"https:\/\/mdclinica.com\/mdclinica\/especialidades\/estetica-facial\/","title":{"rendered":"MD Est\u00e9tica Facial"},"content":{"rendered":"<p style=\"font-family:HelveticaNeueLTStd-Bd; font-size:24px; line-height: 25.3px; letter-spacing:1px; color:#467da6\">Na MD Cl\u00ednica realizamos v\u00e1rios tipos de tratamento com Toxina Botul\u00ednica (Botox) e preenchimentos com \u00c1cido Hialur\u00f3nico (nos l\u00e1bios, nas ma\u00e7\u00e3s do rosto, nas rugas em torno dos l\u00e1bios, entre outras aplica\u00e7\u00f5es).<\/p>\n<p>&nbsp;<\/p>\n<p style=\"font-family:HelveticaNeueLTStd-Bd; font-size:24px; line-height: 25.3px; letter-spacing:1px; color:#467da6\">Colocamos Fios Tensores, fazemos cirurgias de remo\u00e7\u00e3o da bola de bichat (Bichectomia) para afilar o rosto e <em>Mesolifting<\/em> com <em>dermaroll<\/em> (para remover cicatrizes, pequenas rugas e <em>peelings)<\/em>.<\/p>\n<p>&nbsp;<\/p>\n<p style=\"font-family:HelveticaNeueLTStd-Bd; font-size:24px; line-height: 25.3px; letter-spacing:1px; color:#467da6\">Aliamos, ainda, a estes tratamentos a tecnologia Laser &#8211; o que nos permite obter melhores resultados.<\/p>\n","protected":false},"excerpt":{"rendered":"<p>Na MD Cl\u00ednica realizamos v\u00e1rios tipos de tratamento com Toxina Botul\u00ednica (Botox) e preenchimentos com \u00c1cido Hialur\u00f3nico (nos l\u00e1bios, nas ma\u00e7\u00e3s do rosto, nas rugas em torno dos l\u00e1bios, entre outras aplica\u00e7\u00f5es). &nbsp; Colocamos Fios Tensores, fazemos cirurgias de remo\u00e7\u00e3o da bola de bichat (Bichectomia) para afilar o rosto e Mesolifting com dermaroll (para remover [&hellip;]<\/p>\n","protected":false},"author":6,"featured_media":4550,"parent":39,"menu_order":0,"comment_status":"closed","ping_status":"closed","template":"page-templates\/especialidades-subpagina.php","meta":[],"_links":{"self":[{"href":"https:\/\/mdclinica.com\/mdclinica\/wp-json\/wp\/v2\/pages\/4402"}],"collection":[{"href":"https:\/\/mdclinica.com\/mdclinica\/wp-json\/wp\/v2\/pages"}],"about":[{"href":"https:\/\/mdclinica.com\/mdclinica\/wp-json\/wp\/v2\/types\/page"}],"author":[{"embeddable":true,"href":"https:\/\/mdclinica.com\/mdclinica\/wp-json\/wp\/v2\/users\/6"}],"replies":[{"embeddable":true,"href":"https:\/\/mdclinica.com\/mdclinica\/wp-json\/wp\/v2\/comments?post=4402"}],"version-history":[{"count":17,"href":"https:\/\/mdclinica.com\/mdclinica\/wp-json\/wp\/v2\/pages\/4402\/revisions"}],"predecessor-version":[{"id":9622,"href":"https:\/\/mdclinica.com\/mdclinica\/wp-json\/wp\/v2\/pages\/4402\/revisions\/9622"}],"up":[{"embeddable":true,"href":"https:\/\/mdclinica.com\/mdclinica\/wp-json\/wp\/v2\/pages\/39"}],"wp:featuredmedia":[{"embeddable":true,"href":"https:\/\/mdclinica.com\/mdclinica\/wp-json\/wp\/v2\/media\/4550"}],"wp:attachment":[{"href":"https:\/\/mdclinica.com\/mdclinica\/wp-json\/wp\/v2\/media?parent=4402"}],"curies":[{"name":"wp","href":"https:\/\/api.w.org\/{rel}","templated":true}]}}