{"id":4406,"date":"2019-10-14T15:04:02","date_gmt":"2019-10-14T14:04:02","guid":{"rendered":"https:\/\/mdclinica.com\/mdclinica\/?page_id=4406"},"modified":"2024-07-04T13:23:36","modified_gmt":"2024-07-04T12:23:36","slug":"bem-estar","status":"publish","type":"page","link":"https:\/\/mdclinica.com\/mdclinica\/especialidades\/bem-estar\/","title":{"rendered":"MD Bem-Estar"},"content":{"rendered":"<h4>O segmento Bem-Estar da MD Cl\u00ednica inclui tratamentos com impacto extremamente favor\u00e1vel na sua qualidade de vida &#8211; e concretiza um dos pilares do nosso trabalho: a sua sa\u00fade passa, tamb\u00e9m, por se sentir &#8211; globalmente &#8211; bem.<\/h4>\n<h4><span style=\"color: #ffffff;\">.<\/span><\/h4>\n<h4>Desde consultas de Nutri\u00e7\u00e3o a sess\u00f5es de Terapia da Fala, apresentamos-lhe solu\u00e7\u00f5es inovadoras para que se sinta bem consigo e com os outros, em qualquer ocasi\u00e3o.<\/h4>\n<h4><span style=\"color: #ffffff;\">.<\/span><\/h4>\n<h4>A Consulta do H\u00e1lito \u00e9 garantida pelo profissional mais prestigiado na Europa: Dr. Jonas Nunes.<\/h4>\n","protected":false},"excerpt":{"rendered":"<p>O segmento Bem-Estar da MD Cl\u00ednica inclui tratamentos com impacto extremamente favor\u00e1vel na sua qualidade de vida &#8211; e concretiza um dos pilares do nosso trabalho: a sua sa\u00fade passa, tamb\u00e9m, por se sentir &#8211; globalmente &#8211; bem. . Desde consultas de Nutri\u00e7\u00e3o a sess\u00f5es de Terapia da Fala, apresentamos-lhe solu\u00e7\u00f5es inovadoras para que se [&hellip;]<\/p>\n","protected":false},"author":6,"featured_media":4543,"parent":39,"menu_order":0,"comment_status":"closed","ping_status":"closed","template":"page-templates\/especialidades-subpagina.php","meta":[],"_links":{"self":[{"href":"https:\/\/mdclinica.com\/mdclinica\/wp-json\/wp\/v2\/pages\/4406"}],"collection":[{"href":"https:\/\/mdclinica.com\/mdclinica\/wp-json\/wp\/v2\/pages"}],"about":[{"href":"https:\/\/mdclinica.com\/mdclinica\/wp-json\/wp\/v2\/types\/page"}],"author":[{"embeddable":true,"href":"https:\/\/mdclinica.com\/mdclinica\/wp-json\/wp\/v2\/users\/6"}],"replies":[{"embeddable":true,"href":"https:\/\/mdclinica.com\/mdclinica\/wp-json\/wp\/v2\/comments?post=4406"}],"version-history":[{"count":14,"href":"https:\/\/mdclinica.com\/mdclinica\/wp-json\/wp\/v2\/pages\/4406\/revisions"}],"predecessor-version":[{"id":9546,"href":"https:\/\/mdclinica.com\/mdclinica\/wp-json\/wp\/v2\/pages\/4406\/revisions\/9546"}],"up":[{"embeddable":true,"href":"https:\/\/mdclinica.com\/mdclinica\/wp-json\/wp\/v2\/pages\/39"}],"wp:featuredmedia":[{"embeddable":true,"href":"https:\/\/mdclinica.com\/mdclinica\/wp-json\/wp\/v2\/media\/4543"}],"wp:attachment":[{"href":"https:\/\/mdclinica.com\/mdclinica\/wp-json\/wp\/v2\/media?parent=4406"}],"curies":[{"name":"wp","href":"https:\/\/api.w.org\/{rel}","templated":true}]}}