{"id":4639,"date":"2019-10-26T14:11:02","date_gmt":"2019-10-26T13:11:02","guid":{"rendered":"https:\/\/mdclinica.com\/mdclinica\/?page_id=4639"},"modified":"2019-12-16T16:46:35","modified_gmt":"2019-12-16T16:46:35","slug":"sono","status":"publish","type":"page","link":"https:\/\/mdclinica.com\/mdclinica\/especialidades\/sono\/","title":{"rendered":"MD Sono"},"content":{"rendered":"<h4>Os problemas de sono s\u00e3o frequentemente ignorados por serem considerados \u201cnormais\u201d, contudo n\u00e3o h\u00e1 nada de normal em ressonar, acordar cansado ou sentir falta de ar durante o sono.<\/h4>\n<h4><span style=\"color: #ffffff;\">.<\/span><\/h4>\n<h4>A MD Cl\u00ednica apresenta-lhe um tratamento de \u00faltima gera\u00e7\u00e3o, com recurso a laser, que lhe trar\u00e1 resultados imediatos e eficazes &#8211; caso sofra de Roncopatia (ressonar) ou Apneia do Sono.<\/h4>\n","protected":false},"excerpt":{"rendered":"<p>Os problemas de sono s\u00e3o frequentemente ignorados por serem considerados \u201cnormais\u201d, contudo n\u00e3o h\u00e1 nada de normal em ressonar, acordar cansado ou sentir falta de ar durante o sono. . A MD Cl\u00ednica apresenta-lhe um tratamento de \u00faltima gera\u00e7\u00e3o, com recurso a laser, que lhe trar\u00e1 resultados imediatos e eficazes &#8211; caso sofra de Roncopatia [&hellip;]<\/p>\n","protected":false},"author":6,"featured_media":4556,"parent":39,"menu_order":0,"comment_status":"closed","ping_status":"closed","template":"page-templates\/especialidades-subpagina.php","meta":[],"_links":{"self":[{"href":"https:\/\/mdclinica.com\/mdclinica\/wp-json\/wp\/v2\/pages\/4639"}],"collection":[{"href":"https:\/\/mdclinica.com\/mdclinica\/wp-json\/wp\/v2\/pages"}],"about":[{"href":"https:\/\/mdclinica.com\/mdclinica\/wp-json\/wp\/v2\/types\/page"}],"author":[{"embeddable":true,"href":"https:\/\/mdclinica.com\/mdclinica\/wp-json\/wp\/v2\/users\/6"}],"replies":[{"embeddable":true,"href":"https:\/\/mdclinica.com\/mdclinica\/wp-json\/wp\/v2\/comments?post=4639"}],"version-history":[{"count":12,"href":"https:\/\/mdclinica.com\/mdclinica\/wp-json\/wp\/v2\/pages\/4639\/revisions"}],"predecessor-version":[{"id":5043,"href":"https:\/\/mdclinica.com\/mdclinica\/wp-json\/wp\/v2\/pages\/4639\/revisions\/5043"}],"up":[{"embeddable":true,"href":"https:\/\/mdclinica.com\/mdclinica\/wp-json\/wp\/v2\/pages\/39"}],"wp:featuredmedia":[{"embeddable":true,"href":"https:\/\/mdclinica.com\/mdclinica\/wp-json\/wp\/v2\/media\/4556"}],"wp:attachment":[{"href":"https:\/\/mdclinica.com\/mdclinica\/wp-json\/wp\/v2\/media?parent=4639"}],"curies":[{"name":"wp","href":"https:\/\/api.w.org\/{rel}","templated":true}]}}