{"id":7304,"date":"2021-04-09T10:04:25","date_gmt":"2021-04-09T09:04:25","guid":{"rendered":"https:\/\/mdclinica.com\/mdclinica\/?page_id=7304"},"modified":"2023-05-25T14:11:12","modified_gmt":"2023-05-25T13:11:12","slug":"md-solidaria","status":"publish","type":"page","link":"https:\/\/mdclinica.com\/mdclinica\/md-solidaria\/","title":{"rendered":"MD Solid\u00e1ria"},"content":{"rendered":"\n<p>Pouco tempo depois de inaugurarmos a MD Cl\u00ednica, inici\u00e1mos um protocolo de apoio \u00e0 Casa dos Rapazes para garantirmos os tratamentos de sa\u00fade oral de todos os seus residentes.<\/p>\n\n\n\n<p>Quando come\u00e7\u00e1mos esta colabora\u00e7\u00e3o, est\u00e1vamos longe de imaginar o impacto deste apoio no dia-a-dia destes jovens.<\/p>\n\n\n\n<p>Para al\u00e9m da \u00f3bvia melhoria da sua sa\u00fade oral, ter uma denti\u00e7\u00e3o cuidada teve um impacto concreto na confian\u00e7a, na auto-estima e na garra de cada indiv\u00edduo. E isso, tal como partilharam connosco, foi, por exemplo, evidente nas entrevistas de emprego que tiveram.<\/p>\n\n\n\n<p>Esta informa\u00e7\u00e3o sensibilizou-nos e refor\u00e7ou o que j\u00e1 sab\u00edamos: inerente ao nosso trabalho, est\u00e1 a nossa responsabilidade para com a sociedade. <\/p>\n\n\n\n<p>Desde ent\u00e3o, temos apoiado regularmente  v\u00e1rias institui\u00e7\u00f5es e projetos pontuais ao longo dos \u00faltimos anos.<\/p>\n\n\n\n<div style=\"height:30px\" aria-hidden=\"true\" class=\"wp-block-spacer\"><\/div>\n\n\n\n<h4>Apoiamos continuamente<\/h4>\n\n\n\n<p>Queremos manter e diversificar as parcerias que temos desenvolvido. <\/p>\n\n\n\n<p>Mas, principalmente, queremos garantir que a MD Cl\u00ednica \u00e9 um eixo de visibilidade e envolvimento com campanhas e organiza\u00e7\u00f5es que precisam da ajuda de todos n\u00f3s. <\/p>\n\n\n\n<p>Para que todas estas a\u00e7\u00f5es tenham uma plataforma comum, cri\u00e1mos a MD Solid\u00e1ria.<\/p>\n\n\n\n<div style=\"height:20px\" aria-hidden=\"true\" class=\"wp-block-spacer\"><\/div>\n\n\n\n<figure class=\"wp-block-video alignleft aligncenter\"><video autoplay controls loop muted src=\"https:\/\/mdclinica.com\/mdclinica\/wp-content\/uploads\/2021\/04\/solidaria-3.mov\" playsinline><\/video><\/figure>\n\n\n\n<div style=\"height:40px\" aria-hidden=\"true\" class=\"wp-block-spacer\"><\/div>\n\n\n\n<p>No ano passado, lan\u00e7\u00e1mos uma nova parceria com a <a href=\"https:\/\/animaissemfronteiras.pt\">Animais Sem Fronteiras<\/a>. Aplaudimos esta iniciativa que garante a qualquer animal errantes ou com necessidades especiais um abrigo seguro, um espa\u00e7o para recuperar em tranquilidade e amor, com os fundamentais cuidados de sa\u00fade e alimenta\u00e7\u00e3o.<\/p>\n\n\n\n<p>Atrav\u00e9s da MD Cl\u00ednica, torna-se associado desta organiza\u00e7\u00e3o quando come\u00e7a o seu tratamento Invisalign connosco. Esta parceria garante-lhe um desconto imediato no seu tratamento e \u00e0 Animais Sem Fronteiras um donativo fundamental.<\/p>\n\n\n\n<p><a href=\"mailto:geral@mdclinica.com\">Contacte-nos<\/a> para obter mais informa\u00e7\u00f5es sobre esta campanha.<\/p>\n\n\n\n<div class=\"wp-block-image\"><figure class=\"aligncenter size-full is-resized\"><img loading=\"lazy\" src=\"https:\/\/mdclinica.com\/mdclinica\/wp-content\/uploads\/2021\/04\/md_solidaria_logo_02.jpg\" alt=\"\" class=\"wp-image-7368\" width=\"470\" height=\"226\" srcset=\"https:\/\/mdclinica.com\/mdclinica\/wp-content\/uploads\/2021\/04\/md_solidaria_logo_02.jpg 940w, https:\/\/mdclinica.com\/mdclinica\/wp-content\/uploads\/2021\/04\/md_solidaria_logo_02-300x144.jpg 300w, https:\/\/mdclinica.com\/mdclinica\/wp-content\/uploads\/2021\/04\/md_solidaria_logo_02-768x369.jpg 768w\" sizes=\"(max-width: 470px) 100vw, 470px\" \/><\/figure><\/div>\n\n\n\n<p>E continuamos a apoiar regularmente a Casa dos Rapazes. As nossas equipas cl\u00ednicas continuam a garantir a sa\u00fade oral de todos os jovens desta casa.<\/p>\n\n\n\n<div class=\"wp-block-image\"><figure class=\"aligncenter size-full is-resized\"><img loading=\"lazy\" src=\"https:\/\/mdclinica.com\/mdclinica\/wp-content\/uploads\/2021\/04\/md_solidaria_logo_01.jpg\" alt=\"\" class=\"wp-image-7367\" width=\"470\" height=\"226\" srcset=\"https:\/\/mdclinica.com\/mdclinica\/wp-content\/uploads\/2021\/04\/md_solidaria_logo_01.jpg 940w, https:\/\/mdclinica.com\/mdclinica\/wp-content\/uploads\/2021\/04\/md_solidaria_logo_01-300x144.jpg 300w, https:\/\/mdclinica.com\/mdclinica\/wp-content\/uploads\/2021\/04\/md_solidaria_logo_01-768x369.jpg 768w\" sizes=\"(max-width: 470px) 100vw, 470px\" \/><\/figure><\/div>\n\n\n\n<h4>2\u00aa feira solid\u00e1ria!<\/h4>\n\n\n\n<p>Para al\u00e9m destas parcerias mais regulares e cont\u00ednuas, tamb\u00e9m divulgaremos e incentivaremos outros apoios em v\u00e1rias segundas-feira de cada m\u00eas. <\/p>\n\n\n\n<p>N\u00e3o vemos melhor forma de come\u00e7ar a semana!<\/p>\n\n\n\n<div style=\"height:20px\" aria-hidden=\"true\" class=\"wp-block-spacer\"><\/div>\n\n\n\n<div class=\"wp-block-image\"><figure class=\"aligncenter size-full is-resized\"><img loading=\"lazy\" src=\"https:\/\/mdclinica.com\/mdclinica\/wp-content\/uploads\/2021\/04\/md_solidaria_2feira_7.jpg\" alt=\"\" class=\"wp-image-7388\" width=\"470\" height=\"470\" srcset=\"https:\/\/mdclinica.com\/mdclinica\/wp-content\/uploads\/2021\/04\/md_solidaria_2feira_7.jpg 940w, https:\/\/mdclinica.com\/mdclinica\/wp-content\/uploads\/2021\/04\/md_solidaria_2feira_7-300x300.jpg 300w, https:\/\/mdclinica.com\/mdclinica\/wp-content\/uploads\/2021\/04\/md_solidaria_2feira_7-150x150.jpg 150w, https:\/\/mdclinica.com\/mdclinica\/wp-content\/uploads\/2021\/04\/md_solidaria_2feira_7-768x768.jpg 768w\" sizes=\"(max-width: 470px) 100vw, 470px\" \/><\/figure><\/div>\n","protected":false},"excerpt":{"rendered":"<p>Pouco tempo depois de inaugurarmos a MD Cl\u00ednica, inici\u00e1mos um protocolo de apoio \u00e0 Casa dos Rapazes para garantirmos os tratamentos de sa\u00fade oral de todos os seus residentes. Quando come\u00e7\u00e1mos esta colabora\u00e7\u00e3o, est\u00e1vamos longe de imaginar o impacto deste apoio no dia-a-dia destes jovens. Para al\u00e9m da \u00f3bvia melhoria da sua sa\u00fade oral, ter [&hellip;]<\/p>\n","protected":false},"author":6,"featured_media":7393,"parent":0,"menu_order":0,"comment_status":"closed","ping_status":"closed","template":"","meta":[],"_links":{"self":[{"href":"https:\/\/mdclinica.com\/mdclinica\/wp-json\/wp\/v2\/pages\/7304"}],"collection":[{"href":"https:\/\/mdclinica.com\/mdclinica\/wp-json\/wp\/v2\/pages"}],"about":[{"href":"https:\/\/mdclinica.com\/mdclinica\/wp-json\/wp\/v2\/types\/page"}],"author":[{"embeddable":true,"href":"https:\/\/mdclinica.com\/mdclinica\/wp-json\/wp\/v2\/users\/6"}],"replies":[{"embeddable":true,"href":"https:\/\/mdclinica.com\/mdclinica\/wp-json\/wp\/v2\/comments?post=7304"}],"version-history":[{"count":28,"href":"https:\/\/mdclinica.com\/mdclinica\/wp-json\/wp\/v2\/pages\/7304\/revisions"}],"predecessor-version":[{"id":9365,"href":"https:\/\/mdclinica.com\/mdclinica\/wp-json\/wp\/v2\/pages\/7304\/revisions\/9365"}],"wp:featuredmedia":[{"embeddable":true,"href":"https:\/\/mdclinica.com\/mdclinica\/wp-json\/wp\/v2\/media\/7393"}],"wp:attachment":[{"href":"https:\/\/mdclinica.com\/mdclinica\/wp-json\/wp\/v2\/media?parent=7304"}],"curies":[{"name":"wp","href":"https:\/\/api.w.org\/{rel}","templated":true}]}}