{"id":9267,"date":"2022-12-09T13:28:08","date_gmt":"2022-12-09T13:28:08","guid":{"rendered":"https:\/\/mdclinica.com\/mdclinica\/?page_id=9267"},"modified":"2024-07-04T14:04:36","modified_gmt":"2024-07-04T13:04:36","slug":"consulta-para-deixar-de-fumar","status":"publish","type":"page","link":"https:\/\/mdclinica.com\/mdclinica\/especialidades\/bem-estar\/consulta-para-deixar-de-fumar\/","title":{"rendered":"Consulta para deixar de fumar"},"content":{"rendered":"\n<div style=\"height:40px\" aria-hidden=\"true\" class=\"wp-block-spacer\"><\/div>\n\n\n\n<h2>Quantas vezes j\u00e1 disse que quer deixar de fumar?<\/h2>\n\n\n\n<div style=\"height:20px\" aria-hidden=\"true\" class=\"wp-block-spacer\"><\/div>\n\n\n\n<p>Deixar de fumar pode ser um processo dif\u00edcil, desmotivante e desgastante. Provavelmente j\u00e1 tomou essa decis\u00e3o algumas vezes, mas n\u00e3o conseguiu cumprir aquilo a que se prop\u00f4s.<\/p>\n\n\n\n<p>Contudo, fracassar neste processo \u00e9 normal e n\u00e3o deve sentir-se mal por isso; mais do que uma quest\u00e3o de vontade, deixar de fumar significa conseguir n\u00e3o s\u00f3 p\u00f4r termo a um h\u00e1bito di\u00e1rio, mas principalmente combater a depend\u00eancia de uma subst\u00e2ncia altamente viciante. E \u00e9 por este motivo que se torna t\u00e3o complexo p\u00f4r fim a este comportamento.<\/p>\n\n\n\n<p>Na MD Cl\u00ednica, disponibilizamos a <strong>Consulta para deixar de fumar<\/strong> (consulta de cessa\u00e7\u00e3o tab\u00e1gica), que permite, atrav\u00e9s de um acompanhamento m\u00e9dico especializado e partindo da motiva\u00e7\u00e3o dos utentes, encerrar definitivamente este cap\u00edtulo.<\/p>\n\n\n\n<p>Saiba mais sobre a Consulta para deixar de fumar nesta p\u00e1gina.<\/p>\n\n\n\n<div style=\"height:40px\" aria-hidden=\"true\" class=\"wp-block-spacer\"><\/div>\n\n\n\n<h3>Consulta para deixar de fumar: Quais os objetivos?<\/h3>\n\n\n\n<div style=\"height:20px\" aria-hidden=\"true\" class=\"wp-block-spacer\"><\/div>\n\n\n\n<p>A Consulta para deixar de fumar tem como prop\u00f3sito final p\u00f4r termo ao h\u00e1bito de fumar. Para tal:<\/p>\n\n\n\n<ul><li>Desenvolve um plano de cessa\u00e7\u00e3o tab\u00e1gica personalizado e dirigido, sobretudo aos pacientes em reabilita\u00e7\u00e3o dent\u00e1ria com implantes, face aos benef\u00edcios inerentes ao processo de integra\u00e7\u00e3o dos mesmos.<\/li><li>Acompanha o processo de desabitua\u00e7\u00e3o nas suas diversas fases<\/li><li>Evitar a recidiva tab\u00e1gica.<\/li><\/ul>\n\n\n\n<div style=\"height:40px\" aria-hidden=\"true\" class=\"wp-block-spacer\"><\/div>\n\n\n\n<h3>Consulta para deixar de fumar: A quem se destina?<\/h3>\n\n\n\n<div style=\"height:20px\" aria-hidden=\"true\" class=\"wp-block-spacer\"><\/div>\n\n\n\n<p>A Consulta para deixar de fumar destina-se naturalmente a fumadores motivados para deixar de fumar, mas tamb\u00e9m a utentes fumadores interessados em colocar implantes, que idealmente dever\u00e3o ser referenciados para esta consulta previamente \u00e0 coloca\u00e7\u00e3o dos implantes. S\u00e3o tamb\u00e9m potenciais candidatos da Consulta para deixar de fumar casos de osteonecrose mandibular, m\u00e1 qualidade \u00f3ssea associada ao tabagismo e pacientes com patologia periodontal.<\/p>\n\n\n\n<div style=\"height:40px\" aria-hidden=\"true\" class=\"wp-block-spacer\"><\/div>\n\n\n\n<h3>Consulta para deixar de fumar: Como deixar de fumar?<\/h3>\n\n\n\n<div style=\"height:20px\" aria-hidden=\"true\" class=\"wp-block-spacer\"><\/div>\n\n\n\n<p>Na MD Cl\u00ednica, o m\u00e9todo para deixar de fumar baseia-se numa avalia\u00e7\u00e3o global do utente. Analisam-se os h\u00e1bitos e os mecanismos de perpetua\u00e7\u00e3o da depend\u00eancia, o grau de depend\u00eancia e de motiva\u00e7\u00e3o para deixar de fumar e ainda poss\u00edveis indica\u00e7\u00f5es ou contra-indica\u00e7\u00f5es para a realiza\u00e7\u00e3o de determinado tratamento farmacol\u00f3gico.<\/p>\n\n\n\n<p>A partir desta avalia\u00e7\u00e3o, elabora-se depois um plano terap\u00eautico que inclui uma componente cognitivo-comportamental e\/ou uma componente farmacol\u00f3gica com medidas espec\u00edficas.<\/p>\n\n\n\n<div style=\"height:40px\" aria-hidden=\"true\" class=\"wp-block-spacer\"><\/div>\n\n\n\n<h3>Consulta para deixar de fumar: Em que consiste o tratamento?<\/h3>\n\n\n\n<div style=\"height:20px\" aria-hidden=\"true\" class=\"wp-block-spacer\"><\/div>\n\n\n\n<p>O tratamento prev\u00ea at\u00e9 quatro consultas presenciais, a par de contactos n\u00e3o presenciais (por telefone) interm\u00e9dios com cada utente. A primeira consulta para deixar de fumar presencial, na qual \u00e9 realizada a avalia\u00e7\u00e3o global do utente, tem uma dura\u00e7\u00e3o prevista de 45 minutos.<\/p>\n\n\n\n<p>\u00c9 aconselhado um contacto n\u00e3o presencial no \u201cdia D\u201d &#8211; o dia em que cessa o tabagismo &#8211; para avaliar o cumprimento das medidas acordadas, as dificuldades sentidas pelo utente ao longo do dia e a sua motiva\u00e7\u00e3o para seguir o plano estabelecido.<\/p>\n\n\n\n<p>Ap\u00f3s o \u201cdia D\u201d, est\u00e1 prevista uma segunda consulta para deixar de fumar de forma presencial, 7 a 15 dias depois, com dura\u00e7\u00e3o prevista de 30 minutos. Com esta consulta pretende-se fazer uma avalia\u00e7\u00e3o dos sintomas de abstin\u00eancia e dos fatores que ajudam ou n\u00e3o \u00e0 persist\u00eancia da vontade de deixar de fumar. Desta forma, \u00e9 poss\u00edvel colmatar ou minimizar as dificuldades, fazer um refor\u00e7o motivacional e eventuais ajustes terap\u00eauticos, consoante os poss\u00edveis efeitos secund\u00e1rios reportados.<\/p>\n\n\n\n<p>Um m\u00eas depois do in\u00edcio do tratamento, est\u00e1 prevista uma terceira <strong>consulta para deixar de fumar.<\/strong> Nesta altura, avalia-se a efic\u00e1cia do tratamento em curso, reajustando o que for necess\u00e1rio.<\/p>\n\n\n\n<p>Dois meses volvidos, prev\u00ea-se um contacto n\u00e3o presencial para verificar a continuidade de ades\u00e3o ao tratamento nos casos de utentes em cujo plano de tratamento tenham sido institu\u00eddos f\u00e1rmacos de longa dura\u00e7\u00e3o.<\/p>\n\n\n\n<p>Ao fim de tr\u00eas meses est\u00e1 prevista a \u00faltima consulta presencial, realizada sobretudo nos casos de utentes com indica\u00e7\u00e3o para o tratamento farmacol\u00f3gico mais prolongado. Nesta consulta \u00e9 novamente avaliada a efic\u00e1cia do plano de tratamento at\u00e9 ao momento, bem como a cessa\u00e7\u00e3o das medidas de apoio estabelecidas.<\/p>\n\n\n\n<p>Nos casos em que a cessa\u00e7\u00e3o tab\u00e1gica n\u00e3o se verifique, \u00e9 estabelecido um novo plano de tratamento.<\/p>\n\n\n\n<div style=\"height:40px\" aria-hidden=\"true\" class=\"wp-block-spacer\"><\/div>\n\n\n\n<h4>Consulta para deixar de fumar: Quanto tempo demora o tratamento?<\/h4>\n\n\n\n<div style=\"height:20px\" aria-hidden=\"true\" class=\"wp-block-spacer\"><\/div>\n\n\n\n<p>O plano de tratamento tem uma dura\u00e7\u00e3o m\u00e9dia de cerca de 3 meses.<br>Contudo, a dura\u00e7\u00e3o do tratamento est\u00e1 dependente de cada caso e das necessidades de cada utente.<\/p>\n\n\n\n<div style=\"height:40px\" aria-hidden=\"true\" class=\"wp-block-spacer\"><\/div>\n\n\n\n<div class=\"wp-block-buttons\">\n<div class=\"wp-block-button\"><a class=\"wp-block-button__link has-white-color has-text-color has-background\" href=\"https:\/\/mdclinica.com\/mdclinica\/contactos\/\" style=\"background-color:#72586f\">MARCAR CONSULTA<\/a><\/div>\n<\/div>\n\n\n\n<p><\/p>\n","protected":false},"excerpt":{"rendered":"<p>Quantas vezes j\u00e1 disse que quer deixar de fumar? Deixar de fumar pode ser um processo dif\u00edcil, desmotivante e desgastante. Provavelmente j\u00e1 tomou essa decis\u00e3o algumas vezes, mas n\u00e3o conseguiu cumprir aquilo a que se prop\u00f4s. Contudo, fracassar neste processo \u00e9 normal e n\u00e3o deve sentir-se mal por isso; mais do que uma quest\u00e3o de [&hellip;]<\/p>\n","protected":false},"author":6,"featured_media":9268,"parent":4406,"menu_order":22,"comment_status":"closed","ping_status":"closed","template":"page-templates\/especialidades-subpagina.php","meta":[],"_links":{"self":[{"href":"https:\/\/mdclinica.com\/mdclinica\/wp-json\/wp\/v2\/pages\/9267"}],"collection":[{"href":"https:\/\/mdclinica.com\/mdclinica\/wp-json\/wp\/v2\/pages"}],"about":[{"href":"https:\/\/mdclinica.com\/mdclinica\/wp-json\/wp\/v2\/types\/page"}],"author":[{"embeddable":true,"href":"https:\/\/mdclinica.com\/mdclinica\/wp-json\/wp\/v2\/users\/6"}],"replies":[{"embeddable":true,"href":"https:\/\/mdclinica.com\/mdclinica\/wp-json\/wp\/v2\/comments?post=9267"}],"version-history":[{"count":15,"href":"https:\/\/mdclinica.com\/mdclinica\/wp-json\/wp\/v2\/pages\/9267\/revisions"}],"predecessor-version":[{"id":9550,"href":"https:\/\/mdclinica.com\/mdclinica\/wp-json\/wp\/v2\/pages\/9267\/revisions\/9550"}],"up":[{"embeddable":true,"href":"https:\/\/mdclinica.com\/mdclinica\/wp-json\/wp\/v2\/pages\/4406"}],"wp:featuredmedia":[{"embeddable":true,"href":"https:\/\/mdclinica.com\/mdclinica\/wp-json\/wp\/v2\/media\/9268"}],"wp:attachment":[{"href":"https:\/\/mdclinica.com\/mdclinica\/wp-json\/wp\/v2\/media?parent=9267"}],"curies":[{"name":"wp","href":"https:\/\/api.w.org\/{rel}","templated":true}]}}