{"id":976,"date":"2018-02-14T17:56:57","date_gmt":"2018-02-14T17:56:57","guid":{"rendered":"https:\/\/mdclinica.com\/mdclinica\/?page_id=976"},"modified":"2022-01-26T16:29:41","modified_gmt":"2022-01-26T16:29:41","slug":"aparelho-ortodontico","status":"publish","type":"page","link":"https:\/\/mdclinica.com\/mdclinica\/especialidades\/clinica-dentaria-pediatrica\/aparelho-ortodontico\/","title":{"rendered":"Ortodontia nas Crian\u00e7as"},"content":{"rendered":"<h4>A Ortodontia pedi\u00e1trica \u00e9 a especialidade da medicina dent\u00e1ria que se dedica \u00e0 preven\u00e7\u00e3o e corre\u00e7\u00e3o das m\u00e1s posi\u00e7\u00f5es dos dentes e dos maxilares\u00a0nas crian\u00e7as, atrav\u00e9s da utiliza\u00e7\u00e3o de <span class=\"keyword\">aparelhos <strong>ortod\u00f4nticos<\/strong><\/span>.<\/h4>\n<p><span style=\"color: #ffffff;\">.<\/span><\/p>\n<h6>Em que idade \u00e9 necess\u00e1ria a avalia\u00e7\u00e3o de um Ortodontista?<\/h6>\n<p>Independentemente da idade da crian\u00e7a e do tipo de denti\u00e7\u00e3o (denti\u00e7\u00e3o de leite, mista ou permanente), existem situa\u00e7\u00f5es especiais que devem ser avaliadas no sentido de prevenir problemas futuros na denti\u00e7\u00e3o definitiva e nas arcadas \u00f3sseas.<\/p>\n<p>N\u00e3o existindo situa\u00e7\u00f5es especiais, a primeira avalia\u00e7\u00e3o deve ser feita no in\u00edcio da fase de denti\u00e7\u00e3o mista, por volta dos 6-7 anos, na qual acontece a erup\u00e7\u00e3o dos 1\u00bas dentes definitivos e incisivos centrais.<\/p>\n<h6>Que situa\u00e7\u00f5es especiais devem ter uma avalia\u00e7\u00e3o precoce?<\/h6>\n<ul>\n<li>H\u00e1bitos tardios (de chupeta, de chuchar no dedo ou na l\u00edngua)<\/li>\n<li>Posicionamentos inadequados da l\u00edngua (entre os l\u00e1bios ou entre os dentes)<\/li>\n<li>Crian\u00e7as respiradoras orais (normalmente com dificuldades respirat\u00f3rias e maxilar superior atr\u00e9sico que leva a mordidas cruzadas)<\/li>\n<li>Perdas precoces de dentes de leite (por trauma ou por c\u00e1rie)<\/li>\n<li>Crian\u00e7as com avan\u00e7o da mand\u00edbula (queixo avan\u00e7ado)<\/li>\n<\/ul>\n<h5><span style=\"color: #ffffff;\">\u00a0&#8211;<\/span><\/h5>\n<h6>Qual a fase ideal para o in\u00edcio do tratamento ortod\u00f4ntico?<\/h6>\n<p>Problemas que envolvam os ossos maxilares (problemas esquel\u00e9ticos) devem ser tratados na fase de crescimento e desenvolvimento, sendo algumas interven\u00e7\u00f5es necess\u00e1rias ainda na fase da denti\u00e7\u00e3o dec\u00eddua (dentes de leite).<\/p>\n<p>Em pacientes que apresentem harmonia entre os ossos maxilares, o tratamento pode ser realizado na denti\u00e7\u00e3o permanente.<\/p>\n<h6>Que tipos de aparelhos existem?<\/h6>\n<p>Esta especialidade disp\u00f5e de v\u00e1rios tipos de aparelhos para a corre\u00e7\u00e3o das maloclus\u00f5es:<\/p>\n<ul>\n<li><strong>Aparelhos ortod\u00f4nticos fixos<\/strong><br \/>\nEstes aparelhos s\u00e3o colados e\/ou cimentados diretamente aos dentes, permanecendo na mesma posi\u00e7\u00e3o at\u00e9 o final do tratamento.<br \/>\nEstes aparelhos s\u00e3o usualmente confecionados em a\u00e7o inoxid\u00e1vel, o que apresenta excelente compatibilidade biol\u00f3gica e desempenho cl\u00ednico. Nos casos de exig\u00eancia est\u00e9tica, existem aparelhos criados em material cer\u00e2mico, com uma apar\u00eancia mais discreta.<\/li>\n<\/ul>\n<ul>\n<li><strong>Aparelhos ortod\u00f4nticos remov\u00edveis<\/strong><br \/>\nEstes aparelhos s\u00e3o confecionados em a\u00e7o e\/ou resina acr\u00edlica. Este tipo de aparelho possibilita ao paciente a sua remo\u00e7\u00e3o durante as refei\u00e7\u00f5es e atividades f\u00edsicas, facilitando tamb\u00e9m a higieniza\u00e7\u00e3o bucal.<\/li>\n<\/ul>\n<ul>\n<li><strong>Aparelhos ortop\u00e9dicos<\/strong><br \/>\nOs aparelhos ortop\u00e9dicos podem ser classificados em aparelhos ortop\u00e9dicos mec\u00e2nicos ou funcionais, fixos ou remov\u00edveis.<\/li>\n<\/ul>\n<ul>\n<li><strong>Aparelhos auxiliares<\/strong><br \/>\nExistem ainda aparelhos que s\u00e3o considerados auxiliares, indicados para tratamentos espec\u00edficos.<\/li>\n<\/ul>\n<ul>\n<li><strong>Aparelhos invis\u00edveis<\/strong><br \/>\nA tecnologia Invisalign proporciona j\u00e1 tratamentos ortond\u00f4nticos invis\u00edveis a <a href=\"https:\/\/mdclinica.com\/mdclinica\/especialidades\/ortodontia-invisalign\/invisalign-teen\/\">adolescentes<\/a> e <a href=\"https:\/\/mdclinica.com\/mdclinica\/especialidades\/ortodontia-invisalign\/invisalign-first\/\">crian\u00e7as com mais de 6 anos<\/a>. Este trabalho \u00e9 assegurado pela equipa da Dra. Marina DePraetere, pioneira e l\u00edder em Portugal.<\/li>\n<\/ul>\n<h6>Como escolher o tipo de aparelho?<\/h6>\n<p>O primeiro contacto do profissional com o paciente \u00e9 no exame inicial, uma consulta muito importante, na qual os pais ou respons\u00e1veis pelo paciente devem estar presentes. \u00c9 detectada a exist\u00eancia de desvio da oclus\u00e3o ideal, causas e aspectos funcionais da maloclus\u00e3o, para projec\u00e7\u00e3o da melhor fase de tratamento.<\/p>\n<p>Quando se deteta a presen\u00e7a de uma maloclus\u00e3o e, estando a mesma na \u00e9poca ideal de tratamento, \u00e9 solicitada a documenta\u00e7\u00e3o ortod\u00f4ntica (elementos adicionais de diagn\u00f3stico como radiografias, fotos ou modelos de estudo) que permite determinar o diagn\u00f3stico e progn\u00f3stico do caso.<\/p>\n<p>\u00c9 planeada a sequ\u00eancia de tratamento, os aparelhos a utilizar, o regime de uso e o tempo de tratamento. \u00c9 ainda elaborado um\u00a0progn\u00f3stico de possibilidades, riscos e limita\u00e7\u00f5es ao caso.<\/p>\n<h5><span style=\"color: #ffffff;\">\u00a0&#8211;<\/span><\/h5>\n<h6>Ap\u00f3s a escolha do tipo de aparelho a colocar, quais as etapas seguintes?<\/h6>\n<p>Ap\u00f3s a apresenta\u00e7\u00e3o do plano de tratamento passa-se \u00e0 fase de coloca\u00e7\u00e3o.<\/p>\n<p>Alguns aparelhos s\u00e3o colocados diretamente na boca do paciente, outros podem necessitar de moldagem pr\u00e9via das arcadas para a confe\u00e7\u00e3o indireta do aparelho (em laborat\u00f3rio).<\/p>\n<p>Os aparelhos colocados dever\u00e3o ser avaliados e ou ativados em consultas peri\u00f3dicas, normalmente marcadas de 4 em 4 semanas: este tempo \u00e9 importante para que os tecidos ao redor dos dentes recuperem do stress gerado pela ativa\u00e7\u00e3o do aparelho, que normalmente resultam em remodela\u00e7\u00e3o \u00f3ssea e movimento dent\u00e1rio (efeito desejado).<\/p>\n<h6>E quando acontece a remo\u00e7\u00e3o do aparelho nos dentes?<\/h6>\n<p>Ap\u00f3s as metas do tratamento alcan\u00e7adas, a remo\u00e7\u00e3o do aparelho \u00e9 realizada. A etapa seguinte requer a utiliza\u00e7\u00e3o de aparelhos de conten\u00e7\u00e3o, que ajudam na total recupera\u00e7\u00e3o dos tecidos ao redor dos dentes.<\/p>\n<p>Os pacientes devem comparecer nas consultas estabelecidas durante o per\u00edodo de conten\u00e7\u00e3o, de modo a garantir a estabilidade das posi\u00e7\u00f5es dent\u00e1rias.<\/p>\n<h5><span style=\"color: #ffffff;\">&#8211;<\/span><\/h5>\n<h6>Quanto tempo demora em m\u00e9dia o tratamento com utiliza\u00e7\u00e3o de aparelho <strong>ortod\u00f4nticos<\/strong>?<\/h6>\n<p>\u00c9 dif\u00edcil de se prever com exatid\u00e3o o tempo de um tratamento ortod\u00f4ntico realizado em crian\u00e7as (intercetivos), podendo ser necess\u00e1rio uma 2\u00aa fase de tratamento quando todos os dentes permanentes estiverem presentes na cavidade bucal (corretivo).<\/p>\n<p>O intervalo de tempo entre a 1\u00aa e a 2\u00aa fases n\u00e3o \u00e9 denominado como tratamento ativo. A dura\u00e7\u00e3o pode variar em virtude de alguns fatores, tais como o est\u00e1gio de desenvolvimento dos dentes e da face, o tipo e a severidade da maloclus\u00e3o e o grau de coopera\u00e7\u00e3o do paciente.<\/p>\n<p>Outro fator a ser considerado \u00e9 a resposta biol\u00f3gica, que varia individualmente.<\/p>\n<h6>Os tratamentos s\u00e3o dolorosos?<\/h6>\n<p>O tratamento ortod\u00f4ntico intercetivo, principalmente nas fases iniciais, pode causar um certo grau de sensibilidade. Esta sensibilidade \u00e9 vari\u00e1vel por paciente, mas raramente necessita da administra\u00e7\u00e3o de medicamentos analg\u00e9sicos.<\/p>\n<h6>Existe algum risco no tratamento ortod\u00f4ntico intercetivo que prejudique os dentes?<\/h6>\n<p>Felizmente as complica\u00e7\u00f5es decorrentes do tratamento ortod\u00f4ntico s\u00e3o exce\u00e7\u00f5es \u00e0 pr\u00e1tica cl\u00ednica e geralmente n\u00e3o causam consequ\u00eancias maiores, por\u00e9m devem ser consideradas pelas partes interessadas (paciente e\/ou respons\u00e1vel e profissional) antes do in\u00edcio do tratamento.<\/p>\n<p>Os poss\u00edveis problemas podem variar em virtude de: tipo e severidade da maloclus\u00e3o, forma e tamanho das ra\u00edzes dos dentes, tipo de aparelho utilizado, tempo de tratamento, etc. \u00c9 fundamental a colabora\u00e7\u00e3o do paciente para evitar ou minimizar riscos potenciais.<\/p>\n<h6>Qual a import\u00e2ncia de interromper um tratamento ortod\u00f4ntico intercetivo?<\/h6>\n<p>Ao interromper um tratamento ortod\u00f4ntico, todas as conquistas obtidas at\u00e9 ent\u00e3o podem perder-se, ou seja, os dentes podem retornar a posi\u00e7\u00e3o original. Isto \u00e9 bastante comum quando n\u00e3o se termina um tratamento com estabilidade.<\/p>\n<p>Para retomar o tratamento ap\u00f3s um longo per\u00edodo sem manuten\u00e7\u00e3o, provavelmente ser\u00e1 preciso uma nova documenta\u00e7\u00e3o ortod\u00f4ntica. A documenta\u00e7\u00e3o tem um prazo de validade e como os dentes j\u00e1 se movimentaram, \u00e9 necess\u00e1rio conhecer a \u00a0atual situa\u00e7\u00e3o bucal.<br \/>\n<span style=\"color: #ffffff;\">.<\/span><\/p>\n<p><span style=\"color: #ffffff;\">.<\/span><\/p>\n<p><a href=\"https:\/\/mdclinica.com\/mdclinica\/marcacao-de-consulta\/\">MARCAR CONSULTA<\/a><\/p>\n","protected":false},"excerpt":{"rendered":"<p>A Ortodontia pedi\u00e1trica \u00e9 a especialidade da medicina dent\u00e1ria que se dedica \u00e0 preven\u00e7\u00e3o e corre\u00e7\u00e3o das m\u00e1s posi\u00e7\u00f5es dos dentes e dos maxilares\u00a0nas crian\u00e7as, atrav\u00e9s da utiliza\u00e7\u00e3o de aparelhos ortod\u00f4nticos. . Em que idade \u00e9 necess\u00e1ria a avalia\u00e7\u00e3o de um Ortodontista? Independentemente da idade da crian\u00e7a e do tipo de denti\u00e7\u00e3o (denti\u00e7\u00e3o de leite, [&hellip;]<\/p>\n","protected":false},"author":6,"featured_media":4939,"parent":4442,"menu_order":0,"comment_status":"closed","ping_status":"closed","template":"page-templates\/especialidades-subpagina.php","meta":[],"_links":{"self":[{"href":"https:\/\/mdclinica.com\/mdclinica\/wp-json\/wp\/v2\/pages\/976"}],"collection":[{"href":"https:\/\/mdclinica.com\/mdclinica\/wp-json\/wp\/v2\/pages"}],"about":[{"href":"https:\/\/mdclinica.com\/mdclinica\/wp-json\/wp\/v2\/types\/page"}],"author":[{"embeddable":true,"href":"https:\/\/mdclinica.com\/mdclinica\/wp-json\/wp\/v2\/users\/6"}],"replies":[{"embeddable":true,"href":"https:\/\/mdclinica.com\/mdclinica\/wp-json\/wp\/v2\/comments?post=976"}],"version-history":[{"count":30,"href":"https:\/\/mdclinica.com\/mdclinica\/wp-json\/wp\/v2\/pages\/976\/revisions"}],"predecessor-version":[{"id":8249,"href":"https:\/\/mdclinica.com\/mdclinica\/wp-json\/wp\/v2\/pages\/976\/revisions\/8249"}],"up":[{"embeddable":true,"href":"https:\/\/mdclinica.com\/mdclinica\/wp-json\/wp\/v2\/pages\/4442"}],"wp:featuredmedia":[{"embeddable":true,"href":"https:\/\/mdclinica.com\/mdclinica\/wp-json\/wp\/v2\/media\/4939"}],"wp:attachment":[{"href":"https:\/\/mdclinica.com\/mdclinica\/wp-json\/wp\/v2\/media?parent=976"}],"curies":[{"name":"wp","href":"https:\/\/api.w.org\/{rel}","templated":true}]}}